{"id":69,"date":"2014-12-05T17:06:51","date_gmt":"2014-12-05T16:06:51","guid":{"rendered":"http:\/\/www.mary-chaplin.com\/artiste-peintre\/?page_id=69"},"modified":"2024-07-01T14:53:54","modified_gmt":"2024-07-01T13:53:54","slug":"oeuvres-abstraites-et-figuratives","status":"publish","type":"page","link":"https:\/\/www.mary-chaplin.com\/artiste-peintre\/","title":{"rendered":""},"content":{"rendered":"<p style=\"text-align: center;\"><style id=\"depicter-44-inline-pre-css\">\n\n.depicter-44:not(.depicter-ready){\n\theight:calc( 100vh - 0px );\n}\n\n<\/style>\n<div id=\"depicter-44\" class=\"depicter depicter-document depicter-revert depicter-44 depicter-layout-fullscreen\">\n\n<div class=\"depicter-loading-container depicter-loading rings-dark\"><svg class=\"depicter-single-svg-loading\" viewBox=\"0 0 45 45\" xmlns=\"http:\/\/www.w3.org\/2000\/svg\">\n   <g fill=\"none\" fill-rule=\"evenodd\" transform=\"translate(1 1)\" stroke-width=\"2\">\n      <circle cx=\"22\" cy=\"22\" r=\"6\" stroke-opacity=\"0\">\n         <animate attributeName=\"r\" begin=\"1.5s\" dur=\"3s\" values=\"6;22\" calcMode=\"linear\" repeatCount=\"indefinite\" \/>\n         <animate attributeName=\"stroke-opacity\" begin=\"1.5s\" dur=\"3s\" values=\"1;0\" calcMode=\"linear\" repeatCount=\"indefinite\" \/>\n         <animate attributeName=\"stroke-width\" begin=\"1.5s\" dur=\"3s\" values=\"2;0\" calcMode=\"linear\" repeatCount=\"indefinite\" \/>\n      <\/circle>\n      <circle cx=\"22\" cy=\"22\" r=\"6\" stroke-opacity=\"0\">\n         <animate attributeName=\"r\" begin=\"3s\" dur=\"3s\" values=\"6;22\" calcMode=\"linear\" repeatCount=\"indefinite\" \/>\n         <animate attributeName=\"stroke-opacity\" begin=\"3s\" dur=\"3s\" values=\"1;0\" calcMode=\"linear\" repeatCount=\"indefinite\" \/>\n         <animate attributeName=\"stroke-width\" begin=\"3s\" dur=\"3s\" values=\"2;0\" calcMode=\"linear\" repeatCount=\"indefinite\" \/>\n      <\/circle>\n      <circle cx=\"22\" cy=\"22\" r=\"8\">\n         <animate attributeName=\"r\" begin=\"0s\" dur=\"1.5s\" values=\"6;1;2;3;4;5;6\" calcMode=\"linear\" repeatCount=\"indefinite\" \/>\n      <\/circle>\n   <\/g>\n<\/svg>\n<\/div>\n\n<div class=\"depicter-overlay-layers\">\n<a href=\"https:\/\/www.mary-chaplin.com\/artiste-peintre\/marines-vagues-paysages-baie-de-somme-et-cote-dalbatre\/\"><button id=\"depicter-44-element-45\" class=\"depicter-element depicter-layer depicter-44-element-45\" data-type=\"button\" data-wrap=\"true\" data-name=\"Button 1\" data-local-id=\"element-45\" data-offset=\"x:60px;y:83px;origin:ml\" data-mobile-offset=\"x:13px;y:-40px;origin:mc\" data-width=\"209px,,209px\" data-height=\"48px,,48px\" data-responsive-scale=\"true,,\"><span class=\"dp-inner-content\">Reflets d'eau<\/span><\/button><\/a>\n<a href=\"https:\/\/www.mary-chaplin.com\/artiste-peintre\/mes-oxymores\/\"><button id=\"depicter-44-element-48\" class=\"depicter-element depicter-layer depicter-44-element-48\" data-type=\"button\" data-wrap=\"true\" data-name=\"Button 4\" data-local-id=\"element-48\" data-offset=\"x:60px;y:7px;origin:ml\" data-mobile-offset=\"x:11px;y:35px;origin:mc\" data-width=\"209px,,209px\" data-height=\"48px,,48px\" data-responsive-scale=\"true,,\"><span class=\"dp-inner-content\">Les Oxymores<\/span><\/button><\/a>\n<a href=\"https:\/\/www.mary-chaplin.com\/artiste-peintre\/travail-impressionnisme-abstrait\/\"><button id=\"depicter-44-element-49\" class=\"depicter-element depicter-layer depicter-44-element-49\" data-type=\"button\" data-wrap=\"true\" data-name=\"Button 5\" data-local-id=\"element-49\" data-offset=\"x:60px;y:-145px;origin:ml\" data-mobile-offset=\"x:11px;y:100px;origin:mc\" data-width=\"209px,,209px\" data-height=\"48px,,48px\" data-responsive-scale=\"true,,\"><span class=\"dp-inner-content\">Impressionnisme abstrait<\/span><\/button><\/a>\n<a href=\"https:\/\/www.mary-chaplin.com\/artiste-peintre\/mes-reflexions-silencieuses\/\"><button id=\"depicter-44-element-50\" class=\"depicter-element depicter-layer depicter-44-element-50\" data-type=\"button\" data-wrap=\"true\" data-name=\"Button 6\" data-local-id=\"element-50\" data-offset=\"x:60px;y:-69px;origin:ml\" data-mobile-offset=\"x:11px;y:165px;origin:mc\" data-width=\"209px,,209px\" data-height=\"48px,,48px\" data-responsive-scale=\"true,,\"><span class=\"dp-inner-content\">R\u00e9flexions silencieuses<\/span><\/button><\/a>\n<h1 data-animation-in=\"{'direction':'right','easing':'easeInOutExpo','duration':2500,'movement':300,'type':'move'}\" data-between-in-out=\"false\" id=\"depicter-44-element-7\" class=\"depicter-element depicter-layer depicter-44-element-7\" data-type=\"text\" data-wrap=\"true\" data-name=\"Text 1\" data-local-id=\"element-7\" data-offset=\"x:35px;y:-246px;origin:ml\" data-tablet-offset=\"x:-2px;y:-246px;origin:ml\" data-mobile-offset=\"x:12px;y:-302px;origin:mc\" data-width=\"271.438px,271.438px,271.438px\" data-height=\"auto,auto,auto\" data-responsive-scale=\"true,,\">Mon travail<\/h1>\n\n<div id=\"depicter-44-element-70\" class=\"depicter-element depicter-layer depicter-44-element-70\" data-type=\"arrow\" data-wrap=\"true\" data-name=\"Arrow 7\" data-local-id=\"element-70\" data-offset=\"x:67px;y:199px;origin:mr\" data-mobile-offset=\"x:12px;y:199px;origin:mr\" data-actions=\"[['gotoSection','click',0,{'type':'next','to':''}]]\" data-width=\"40px,,40px\" data-height=\"40px,,40px\" data-responsive-scale=\"true,,\">\n<svg width=\"10px\" height=\"16px\" viewBox=\"0 0 13 21\" style=\"position:relative;right:-1px\"><path d=\"M677.412,346.507l-13-10.5v21Z\" transform=\"translate(-664.412 -336.007)\" \/><\/svg>\n<\/div>\n<div id=\"depicter-44-element-71\" class=\"depicter-element depicter-layer depicter-44-element-71\" data-type=\"arrow\" data-wrap=\"true\" data-name=\"Arrow 8\" data-local-id=\"element-71\" data-offset=\"x:-203px;y:199px;origin:mc\" data-mobile-offset=\"x:22px;y:199px;origin:ml\" data-actions=\"[['gotoSection','click',0,{'type':'previous','to':''}]]\" data-width=\"40px,,40px\" data-height=\"40px,,40px\" data-responsive-scale=\"true,,\">\n<svg width=\"10px\" height=\"16px\" viewBox=\"0 0 13 21\" style=\"position:relative;left:-1px\"><path id=\"arrow_7L\" d=\"M664.412,346.507l13-10.5v21Z\" transform=\"translate(-664.412 -336.007)\" \/><\/svg>\n<\/div>\n<\/div>\n\n<div id=\"depicter-44-section-1\" class=\"depicter-section depicter-44-section-1\" data-name=\"Slide 1\" data-type=\"section\" data-local-id=\"section-1\">\n<picture id=\"depicter-44-element-74\" class=\"depicter-element depicter-layer depicter-44-element-74\" data-type=\"image\" data-wrap=\"true\" data-name=\"Image 5\" data-local-id=\"element-74\" data-offset=\"x:6px;y:-1px;origin:mr\" data-mobile-offset=\"x:-257px;y:-8px;origin:ml\" data-width=\"874px,,874px\" data-height=\"680px,,680px\" data-responsive-scale=\"true,,\" data-crop=\"false\">\n<source data-depicter-srcset=\"https:\/\/www.mary-chaplin.com\/artiste-peintre\/wp-content\/uploads\/2022\/10\/My-secret-garden-acrylique-sur-toile-150x120cm-874x680.jpg, https:\/\/www.mary-chaplin.com\/artiste-peintre\/wp-content\/uploads\/2022\/10\/My-secret-garden-acrylique-sur-toile-150x120cm-1748x1360.jpg 2x\" srcset=\"data:image\/gif;base64,R0lGODlhAQABAIAAAAAAAP\/\/\/yH5BAEAAAAALAAAAAABAAEAAAIBRAA7\" media=\"(max-width: 767px)\" \/>\n\n<source data-depicter-srcset=\"https:\/\/www.mary-chaplin.com\/artiste-peintre\/wp-content\/uploads\/2022\/10\/My-secret-garden-acrylique-sur-toile-150x120cm-874x702.jpg, https:\/\/www.mary-chaplin.com\/artiste-peintre\/wp-content\/uploads\/2022\/10\/My-secret-garden-acrylique-sur-toile-150x120cm-1748x1404.jpg 2x\" srcset=\"data:image\/gif;base64,R0lGODlhAQABAIAAAAAAAP\/\/\/yH5BAEAAAAALAAAAAABAAEAAAIBRAA7\" media=\"(max-width: 1024px)\" \/>\n\n<source data-depicter-srcset=\"https:\/\/www.mary-chaplin.com\/artiste-peintre\/wp-content\/uploads\/2022\/10\/My-secret-garden-acrylique-sur-toile-150x120cm-874x680.jpg, https:\/\/www.mary-chaplin.com\/artiste-peintre\/wp-content\/uploads\/2022\/10\/My-secret-garden-acrylique-sur-toile-150x120cm-1748x1360.jpg 2x\" srcset=\"data:image\/gif;base64,R0lGODlhAQABAIAAAAAAAP\/\/\/yH5BAEAAAAALAAAAAABAAEAAAIBRAA7\" media=\"(min-width: 1025px)\" \/>\n<img decoding=\"async\" src=\"data:image\/gif;base64,R0lGODlhAQABAIAAAAAAAP\/\/\/yH5BAEAAAAALAAAAAABAAEAAAIBRAA7\" data-depicter-src=\"https:\/\/www.mary-chaplin.com\/artiste-peintre\/wp-content\/uploads\/2022\/10\/My-secret-garden-acrylique-sur-toile-150x120cm-874x680.jpg\" alt=\"My secret garden acrylique sur toile 150x120cm\" \/>\n<\/picture>\n<h3 id=\"depicter-44-element-78\" class=\"depicter-element depicter-layer depicter-44-element-78\" data-type=\"text\" data-wrap=\"true\" data-name=\"Text 2\" data-local-id=\"element-78\" data-offset=\"x:7px;y:-246px;origin:mc\" data-mobile-offset=\"x:68px;y:-182px;origin:ml\" data-width=\"479.641px,,486px\" data-height=\"auto,,auto\" data-responsive-scale=\"true,,\">Travail <br>Impressionnisme<br> Abstrait<\/h3>\n<\/div>\n\n<div id=\"depicter-44-section-11\" class=\"depicter-section depicter-44-section-11\" data-name=\"Slide 3\" data-type=\"section\" data-local-id=\"section-11\">\n<picture id=\"depicter-44-element-75\" class=\"depicter-element depicter-layer depicter-44-element-75\" data-type=\"image\" data-wrap=\"true\" data-name=\"Image 6\" data-local-id=\"element-75\" data-offset=\"x:0px;y:-1px;origin:mr\" data-mobile-offset=\"x:-260px;y:-16px;origin:ml\" data-width=\"880px,,880px\" data-height=\"680px,,680px\" data-responsive-scale=\"true,,\" data-crop=\"false\">\n<source data-depicter-srcset=\"https:\/\/www.mary-chaplin.com\/artiste-peintre\/wp-content\/uploads\/2022\/10\/Tristesse-de-la-lune-Mary-Chaplin-80x80-1-880x680.jpg, https:\/\/www.mary-chaplin.com\/artiste-peintre\/wp-content\/uploads\/2022\/10\/Tristesse-de-la-lune-Mary-Chaplin-80x80-1-1760x1360.jpg 2x\" srcset=\"data:image\/gif;base64,R0lGODlhAQABAIAAAAAAAP\/\/\/yH5BAEAAAAALAAAAAABAAEAAAIBRAA7\" media=\"(max-width: 767px)\" \/>\n\n<source data-depicter-srcset=\"https:\/\/www.mary-chaplin.com\/artiste-peintre\/wp-content\/uploads\/2022\/10\/Tristesse-de-la-lune-Mary-Chaplin-80x80-1-880x880.jpg, https:\/\/www.mary-chaplin.com\/artiste-peintre\/wp-content\/uploads\/2022\/10\/Tristesse-de-la-lune-Mary-Chaplin-80x80-1-1760x1760.jpg 2x\" srcset=\"data:image\/gif;base64,R0lGODlhAQABAIAAAAAAAP\/\/\/yH5BAEAAAAALAAAAAABAAEAAAIBRAA7\" media=\"(max-width: 1024px)\" \/>\n\n<source data-depicter-srcset=\"https:\/\/www.mary-chaplin.com\/artiste-peintre\/wp-content\/uploads\/2022\/10\/Tristesse-de-la-lune-Mary-Chaplin-80x80-1-880x680.jpg, https:\/\/www.mary-chaplin.com\/artiste-peintre\/wp-content\/uploads\/2022\/10\/Tristesse-de-la-lune-Mary-Chaplin-80x80-1-1760x1360.jpg 2x\" srcset=\"data:image\/gif;base64,R0lGODlhAQABAIAAAAAAAP\/\/\/yH5BAEAAAAALAAAAAABAAEAAAIBRAA7\" media=\"(min-width: 1025px)\" \/>\n<img decoding=\"async\" src=\"data:image\/gif;base64,R0lGODlhAQABAIAAAAAAAP\/\/\/yH5BAEAAAAALAAAAAABAAEAAAIBRAA7\" data-depicter-src=\"https:\/\/www.mary-chaplin.com\/artiste-peintre\/wp-content\/uploads\/2022\/10\/Tristesse-de-la-lune-Mary-Chaplin-80x80-1-880x680.jpg\" alt=\"\" \/>\n<\/picture>\n<h3 id=\"depicter-44-element-79\" class=\"depicter-element depicter-layer depicter-44-element-79\" data-type=\"text\" data-wrap=\"true\" data-name=\"Text 3\" data-local-id=\"element-79\" data-offset=\"x:-14px;y:-246px;origin:mc\" data-mobile-offset=\"x:19px;y:-194px;origin:mc\" data-width=\"auto,,196.766px\" data-height=\"auto,,auto\" data-responsive-scale=\"true,,\">Mes R\u00e9flexions Silencieuses...<\/h3>\n<\/div>\n\n<div id=\"depicter-44-section-21\" class=\"depicter-section depicter-44-section-21\" data-name=\"Slide 4\" data-type=\"section\" data-local-id=\"section-21\">\n<picture id=\"depicter-44-element-76\" class=\"depicter-element depicter-layer depicter-44-element-76\" data-type=\"image\" data-wrap=\"true\" data-name=\"Image 7\" data-local-id=\"element-76\" data-offset=\"x:0px;y:-2px;origin:mr\" data-mobile-offset=\"x:-263px;y:-16px;origin:ml\" data-width=\"886px,,886px\" data-height=\"679px,,679px\" data-responsive-scale=\"true,,\" data-crop=\"false\">\n<source data-depicter-srcset=\"https:\/\/www.mary-chaplin.com\/artiste-peintre\/wp-content\/uploads\/2022\/10\/oxymores-reparation-r-8-39x39cm-techniques-mixtes-sur-carton-886x679.jpg, https:\/\/www.mary-chaplin.com\/artiste-peintre\/wp-content\/uploads\/2022\/10\/oxymores-reparation-r-8-39x39cm-techniques-mixtes-sur-carton-1772x1358.jpg 2x\" srcset=\"data:image\/gif;base64,R0lGODlhAQABAIAAAAAAAP\/\/\/yH5BAEAAAAALAAAAAABAAEAAAIBRAA7\" media=\"(max-width: 767px)\" \/>\n\n<source data-depicter-srcset=\"https:\/\/www.mary-chaplin.com\/artiste-peintre\/wp-content\/uploads\/2022\/10\/oxymores-reparation-r-8-39x39cm-techniques-mixtes-sur-carton-886x886.jpg, https:\/\/www.mary-chaplin.com\/artiste-peintre\/wp-content\/uploads\/2022\/10\/oxymores-reparation-r-8-39x39cm-techniques-mixtes-sur-carton-1772x1772.jpg 2x\" srcset=\"data:image\/gif;base64,R0lGODlhAQABAIAAAAAAAP\/\/\/yH5BAEAAAAALAAAAAABAAEAAAIBRAA7\" media=\"(max-width: 1024px)\" \/>\n\n<source data-depicter-srcset=\"https:\/\/www.mary-chaplin.com\/artiste-peintre\/wp-content\/uploads\/2022\/10\/oxymores-reparation-r-8-39x39cm-techniques-mixtes-sur-carton-886x679.jpg, https:\/\/www.mary-chaplin.com\/artiste-peintre\/wp-content\/uploads\/2022\/10\/oxymores-reparation-r-8-39x39cm-techniques-mixtes-sur-carton-1772x1358.jpg 2x\" srcset=\"data:image\/gif;base64,R0lGODlhAQABAIAAAAAAAP\/\/\/yH5BAEAAAAALAAAAAABAAEAAAIBRAA7\" media=\"(min-width: 1025px)\" \/>\n<img decoding=\"async\" src=\"data:image\/gif;base64,R0lGODlhAQABAIAAAAAAAP\/\/\/yH5BAEAAAAALAAAAAABAAEAAAIBRAA7\" data-depicter-src=\"https:\/\/www.mary-chaplin.com\/artiste-peintre\/wp-content\/uploads\/2022\/10\/oxymores-reparation-r-8-39x39cm-techniques-mixtes-sur-carton-886x679.jpg\" alt=\"\" \/>\n<\/picture>\n<h3 id=\"depicter-44-element-80\" class=\"depicter-element depicter-layer depicter-44-element-80\" data-type=\"text\" data-wrap=\"true\" data-name=\"Text 4\" data-local-id=\"element-80\" data-offset=\"x:-108px;y:-246px;origin:mc\" data-mobile-offset=\"x:9px;y:-223px;origin:mc\" data-width=\"200.922px,,200.922px\" data-height=\"auto,,auto\" data-responsive-scale=\"true,,\">Les Oxymores<\/h3>\n<\/div>\n\n<div id=\"depicter-44-section-58\" class=\"depicter-section depicter-44-section-58\" data-name=\"Slide 6\" data-type=\"section\" data-local-id=\"section-58\">\n<picture id=\"depicter-44-element-77\" class=\"depicter-element depicter-layer depicter-44-element-77\" data-type=\"image\" data-wrap=\"true\" data-name=\"Image 8\" data-local-id=\"element-77\" data-offset=\"x:0px;y:-1px;origin:mr\" data-mobile-offset=\"x:-270px;y:-16px;origin:ml\" data-width=\"879px,,879px\" data-height=\"680px,,680px\" data-responsive-scale=\"true,,\" data-crop=\"false\">\n<source data-depicter-srcset=\"https:\/\/www.mary-chaplin.com\/artiste-peintre\/wp-content\/uploads\/2022\/09\/vagues-et-marines-reflets-deau-1-879x680.jpg, https:\/\/www.mary-chaplin.com\/artiste-peintre\/wp-content\/uploads\/2022\/09\/vagues-et-marines-reflets-deau-1-1758x1360.jpg 2x\" srcset=\"data:image\/gif;base64,R0lGODlhAQABAIAAAAAAAP\/\/\/yH5BAEAAAAALAAAAAABAAEAAAIBRAA7\" media=\"(max-width: 767px)\" \/>\n\n<source data-depicter-srcset=\"https:\/\/www.mary-chaplin.com\/artiste-peintre\/wp-content\/uploads\/2022\/09\/vagues-et-marines-reflets-deau-1-971x691.jpg, https:\/\/www.mary-chaplin.com\/artiste-peintre\/wp-content\/uploads\/2022\/09\/vagues-et-marines-reflets-deau-1-1942x1382.jpg 2x\" srcset=\"data:image\/gif;base64,R0lGODlhAQABAIAAAAAAAP\/\/\/yH5BAEAAAAALAAAAAABAAEAAAIBRAA7\" media=\"(max-width: 1024px)\" \/>\n\n<source data-depicter-srcset=\"https:\/\/www.mary-chaplin.com\/artiste-peintre\/wp-content\/uploads\/2022\/09\/vagues-et-marines-reflets-deau-1-879x680.jpg, https:\/\/www.mary-chaplin.com\/artiste-peintre\/wp-content\/uploads\/2022\/09\/vagues-et-marines-reflets-deau-1-1758x1360.jpg 2x\" srcset=\"data:image\/gif;base64,R0lGODlhAQABAIAAAAAAAP\/\/\/yH5BAEAAAAALAAAAAABAAEAAAIBRAA7\" media=\"(min-width: 1025px)\" \/>\n<img decoding=\"async\" src=\"data:image\/gif;base64,R0lGODlhAQABAIAAAAAAAP\/\/\/yH5BAEAAAAALAAAAAABAAEAAAIBRAA7\" data-depicter-src=\"https:\/\/www.mary-chaplin.com\/artiste-peintre\/wp-content\/uploads\/2022\/09\/vagues-et-marines-reflets-deau-1-879x680.jpg\" alt=\"\" \/>\n<\/picture>\n<h3 id=\"depicter-44-element-81\" class=\"depicter-element depicter-layer depicter-44-element-81\" data-type=\"text\" data-wrap=\"true\" data-name=\"Text 5\" data-local-id=\"element-81\" data-offset=\"x:-71px;y:-246px;origin:mc\" data-tablet-offset=\"x:-70px;y:-246px;origin:mc\" data-mobile-offset=\"x:22px;y:-192px;origin:mc\" data-width=\"auto,,auto\" data-height=\"auto,,auto\" data-responsive-scale=\"true,,\">Vagues et Reflets d'eau<\/h3>\n<\/div>\n<\/div>\n<script>\n(window.depicterSetups = window.depicterSetups || []).push(function(){\n\tDepicter.basePath = 'https:\/\/www.mary-chaplin.com\/artiste-peintre\/wp-content\/plugins\/depicter\/resources\/scripts\/player\/';\n\tconst dpPlayer = Depicter.setup('.depicter-44',\n\t\t{\"width\":[\"1200\",\"1024\",\"360\"],\"height\":[\"700\",\"700\",\"740\"],\"view\":\"fade\",\"keepAspectRatio\":false,\"preload\":0,\"layout\":\"fullscreen\",\"rtl\":false,\"initAfterAppear\":false,\"ajaxApiUrl\":\"https:\\\/\\\/www.mary-chaplin.com\\\/artiste-peintre\\\/wp-admin\\\/admin-ajax.php\",\"slideshow\":{\"duration\":3,\"pauseOnHover\":false,\"autostart\":true},\"mouseSwipe\":true,\"touchSwipe\":true,\"fullscreenMargin\":\"0\",\"useWatermark\":false}\n\t);\n});\n<\/script><\/p>\n<h1 style=\"text-align: center;\"><strong>Issue du monde du dessin et de la pratique des techniques pastels et aquarelles, j\u2019ai fait mes armes dans la peinture figurative.<\/strong><\/h1>\n<p style=\"text-align: center;\">Le figuratif reste pour moi un terrain de jeu primordial o\u00f9 je me ressource et continue d\u2019apprendre\u2026 Le non-figuratif est un univers dans lequel j\u2019\u00e9volue avec beaucoup de plaisir. C\u2019est l\u2019une des portes de mon travail, J\u2019y laisse divaguer mes pinceaux au gr\u00e9 d\u2019un univers sensible principalement inspir\u00e9 de mon jardin, de la nature en g\u00e9n\u00e9ral. Je m&rsquo;exprime dans un style plus ou moins abstrait, une forme d&rsquo;abstraction impressionniste.\u00a0 Enfin, mon travail abstrait est l\u2019aboutissement de toute ma vie, une sorte de doux m\u00e9lange entre toutes mes techniques. La r\u00e9sonance de la lumi\u00e8re sur la mati\u00e8re est le catalyseur de cette recherche onirique.<\/p>\n<h2 style=\"text-align: center;\"><strong>Je dissocie donc mon travail en 4 parties\/sections distinctes : bonne visite !<\/strong><\/h2>\n<p style=\"text-align: center;\">En tant qu&rsquo;artiste professionnelle, je travaille avec les entreprises qui souhaitent acqu\u00e9rir une \u0153uvre dans le cadre du <a href=\"https:\/\/entreprendre.service-public.fr\/vosdroits\/F32914\" target=\"_blank\" rel=\"noopener\">m\u00e9c\u00e9nat d&rsquo;art, d\u00e9fiscalisation<\/a>.<\/p>\n","protected":false},"excerpt":{"rendered":"<p>Issue du monde du dessin et de la pratique des techniques pastels et aquarelles, j\u2019ai fait mes armes dans la peinture figurative. Le figuratif reste pour moi un terrain de jeu primordial o\u00f9 je me ressource et continue d\u2019apprendre\u2026 Le non-figuratif est un univers dans lequel j\u2019\u00e9volue avec beaucoup de plaisir. C\u2019est l\u2019une des portes [&hellip;]<\/p>\n","protected":false},"author":1,"featured_media":0,"parent":0,"menu_order":0,"comment_status":"closed","ping_status":"closed","template":"page-full-width.php","meta":{"footnotes":""},"class_list":["post-69","page","type-page","status-publish","hentry"],"yoast_head":"<!-- This site is optimized with the Yoast SEO plugin v27.3 - https:\/\/yoast.com\/product\/yoast-seo-wordpress\/ -->\n<title>Entre l&#039;abstrait et le figuratif : artiste contemporain de la lumi\u00e8re<\/title>\n<meta name=\"description\" content=\"Le figuratif est mon univers d&#039;apprentissage, je ne le renie pas mais il est la porte d&#039;ouverture vers mon travail abstrait.\" \/>\n<meta name=\"robots\" content=\"index, follow, max-snippet:-1, max-image-preview:large, max-video-preview:-1\" \/>\n<link rel=\"canonical\" href=\"https:\/\/www.mary-chaplin.com\/artiste-peintre\/\" \/>\n<meta property=\"og:locale\" content=\"fr_FR\" \/>\n<meta property=\"og:type\" content=\"article\" \/>\n<meta property=\"og:title\" content=\"Entre l&#039;abstrait et le figuratif : artiste contemporain de la lumi\u00e8re\" \/>\n<meta property=\"og:description\" content=\"Le figuratif est mon univers d&#039;apprentissage, je ne le renie pas mais il est la porte d&#039;ouverture vers mon travail abstrait.\" \/>\n<meta property=\"og:url\" content=\"https:\/\/www.mary-chaplin.com\/artiste-peintre\/\" \/>\n<meta property=\"og:site_name\" content=\"Mary Chaplin Artiste peintre\" \/>\n<meta property=\"article:modified_time\" content=\"2024-07-01T13:53:54+00:00\" \/>\n<meta name=\"twitter:card\" content=\"summary_large_image\" \/>\n<script type=\"application\/ld+json\" class=\"yoast-schema-graph\">{\"@context\":\"https:\\\/\\\/schema.org\",\"@graph\":[{\"@type\":\"WebPage\",\"@id\":\"https:\\\/\\\/www.mary-chaplin.com\\\/artiste-peintre\\\/\",\"url\":\"https:\\\/\\\/www.mary-chaplin.com\\\/artiste-peintre\\\/\",\"name\":\"Entre l'abstrait et le figuratif : artiste contemporain de la lumi\u00e8re\",\"isPartOf\":{\"@id\":\"https:\\\/\\\/www.mary-chaplin.com\\\/artiste-peintre\\\/#website\"},\"datePublished\":\"2014-12-05T16:06:51+00:00\",\"dateModified\":\"2024-07-01T13:53:54+00:00\",\"description\":\"Le figuratif est mon univers d'apprentissage, je ne le renie pas mais il est la porte d'ouverture vers mon travail abstrait.\",\"inLanguage\":\"fr-FR\",\"potentialAction\":[{\"@type\":\"ReadAction\",\"target\":[\"https:\\\/\\\/www.mary-chaplin.com\\\/artiste-peintre\\\/\"]}]},{\"@type\":\"WebSite\",\"@id\":\"https:\\\/\\\/www.mary-chaplin.com\\\/artiste-peintre\\\/#website\",\"url\":\"https:\\\/\\\/www.mary-chaplin.com\\\/artiste-peintre\\\/\",\"name\":\"Mary Chaplin Artiste peintre\",\"description\":\"Artiste peintre Wailly Conty, Impressionnisme abstrait contemporain Hauts de France\",\"publisher\":{\"@id\":\"https:\\\/\\\/www.mary-chaplin.com\\\/artiste-peintre\\\/#organization\"},\"potentialAction\":[{\"@type\":\"SearchAction\",\"target\":{\"@type\":\"EntryPoint\",\"urlTemplate\":\"https:\\\/\\\/www.mary-chaplin.com\\\/artiste-peintre\\\/?s={search_term_string}\"},\"query-input\":{\"@type\":\"PropertyValueSpecification\",\"valueRequired\":true,\"valueName\":\"search_term_string\"}}],\"inLanguage\":\"fr-FR\"},{\"@type\":\"Organization\",\"@id\":\"https:\\\/\\\/www.mary-chaplin.com\\\/artiste-peintre\\\/#organization\",\"name\":\"Mary Chaplin Artiste peintre\",\"url\":\"https:\\\/\\\/www.mary-chaplin.com\\\/artiste-peintre\\\/\",\"logo\":{\"@type\":\"ImageObject\",\"inLanguage\":\"fr-FR\",\"@id\":\"https:\\\/\\\/www.mary-chaplin.com\\\/artiste-peintre\\\/#\\\/schema\\\/logo\\\/image\\\/\",\"url\":\"https:\\\/\\\/www.mary-chaplin.com\\\/artiste-peintre\\\/wp-content\\\/uploads\\\/2022\\\/09\\\/cropped-logo-mc.png\",\"contentUrl\":\"https:\\\/\\\/www.mary-chaplin.com\\\/artiste-peintre\\\/wp-content\\\/uploads\\\/2022\\\/09\\\/cropped-logo-mc.png\",\"width\":848,\"height\":137,\"caption\":\"Mary Chaplin Artiste peintre\"},\"image\":{\"@id\":\"https:\\\/\\\/www.mary-chaplin.com\\\/artiste-peintre\\\/#\\\/schema\\\/logo\\\/image\\\/\"}}]}<\/script>\n<!-- \/ Yoast SEO plugin. -->","yoast_head_json":{"title":"Entre l'abstrait et le figuratif : artiste contemporain de la lumi\u00e8re","description":"Le figuratif est mon univers d'apprentissage, je ne le renie pas mais il est la porte d'ouverture vers mon travail abstrait.","robots":{"index":"index","follow":"follow","max-snippet":"max-snippet:-1","max-image-preview":"max-image-preview:large","max-video-preview":"max-video-preview:-1"},"canonical":"https:\/\/www.mary-chaplin.com\/artiste-peintre\/","og_locale":"fr_FR","og_type":"article","og_title":"Entre l'abstrait et le figuratif : artiste contemporain de la lumi\u00e8re","og_description":"Le figuratif est mon univers d'apprentissage, je ne le renie pas mais il est la porte d'ouverture vers mon travail abstrait.","og_url":"https:\/\/www.mary-chaplin.com\/artiste-peintre\/","og_site_name":"Mary Chaplin Artiste peintre","article_modified_time":"2024-07-01T13:53:54+00:00","twitter_card":"summary_large_image","schema":{"@context":"https:\/\/schema.org","@graph":[{"@type":"WebPage","@id":"https:\/\/www.mary-chaplin.com\/artiste-peintre\/","url":"https:\/\/www.mary-chaplin.com\/artiste-peintre\/","name":"Entre l'abstrait et le figuratif : artiste contemporain de la lumi\u00e8re","isPartOf":{"@id":"https:\/\/www.mary-chaplin.com\/artiste-peintre\/#website"},"datePublished":"2014-12-05T16:06:51+00:00","dateModified":"2024-07-01T13:53:54+00:00","description":"Le figuratif est mon univers d'apprentissage, je ne le renie pas mais il est la porte d'ouverture vers mon travail abstrait.","inLanguage":"fr-FR","potentialAction":[{"@type":"ReadAction","target":["https:\/\/www.mary-chaplin.com\/artiste-peintre\/"]}]},{"@type":"WebSite","@id":"https:\/\/www.mary-chaplin.com\/artiste-peintre\/#website","url":"https:\/\/www.mary-chaplin.com\/artiste-peintre\/","name":"Mary Chaplin Artiste peintre","description":"Artiste peintre Wailly Conty, Impressionnisme abstrait contemporain Hauts de France","publisher":{"@id":"https:\/\/www.mary-chaplin.com\/artiste-peintre\/#organization"},"potentialAction":[{"@type":"SearchAction","target":{"@type":"EntryPoint","urlTemplate":"https:\/\/www.mary-chaplin.com\/artiste-peintre\/?s={search_term_string}"},"query-input":{"@type":"PropertyValueSpecification","valueRequired":true,"valueName":"search_term_string"}}],"inLanguage":"fr-FR"},{"@type":"Organization","@id":"https:\/\/www.mary-chaplin.com\/artiste-peintre\/#organization","name":"Mary Chaplin Artiste peintre","url":"https:\/\/www.mary-chaplin.com\/artiste-peintre\/","logo":{"@type":"ImageObject","inLanguage":"fr-FR","@id":"https:\/\/www.mary-chaplin.com\/artiste-peintre\/#\/schema\/logo\/image\/","url":"https:\/\/www.mary-chaplin.com\/artiste-peintre\/wp-content\/uploads\/2022\/09\/cropped-logo-mc.png","contentUrl":"https:\/\/www.mary-chaplin.com\/artiste-peintre\/wp-content\/uploads\/2022\/09\/cropped-logo-mc.png","width":848,"height":137,"caption":"Mary Chaplin Artiste peintre"},"image":{"@id":"https:\/\/www.mary-chaplin.com\/artiste-peintre\/#\/schema\/logo\/image\/"}}]}},"_links":{"self":[{"href":"https:\/\/www.mary-chaplin.com\/artiste-peintre\/wp-json\/wp\/v2\/pages\/69","targetHints":{"allow":["GET"]}}],"collection":[{"href":"https:\/\/www.mary-chaplin.com\/artiste-peintre\/wp-json\/wp\/v2\/pages"}],"about":[{"href":"https:\/\/www.mary-chaplin.com\/artiste-peintre\/wp-json\/wp\/v2\/types\/page"}],"author":[{"embeddable":true,"href":"https:\/\/www.mary-chaplin.com\/artiste-peintre\/wp-json\/wp\/v2\/users\/1"}],"replies":[{"embeddable":true,"href":"https:\/\/www.mary-chaplin.com\/artiste-peintre\/wp-json\/wp\/v2\/comments?post=69"}],"version-history":[{"count":33,"href":"https:\/\/www.mary-chaplin.com\/artiste-peintre\/wp-json\/wp\/v2\/pages\/69\/revisions"}],"predecessor-version":[{"id":1867,"href":"https:\/\/www.mary-chaplin.com\/artiste-peintre\/wp-json\/wp\/v2\/pages\/69\/revisions\/1867"}],"wp:attachment":[{"href":"https:\/\/www.mary-chaplin.com\/artiste-peintre\/wp-json\/wp\/v2\/media?parent=69"}],"curies":[{"name":"wp","href":"https:\/\/api.w.org\/{rel}","templated":true}]}}