{"id":56,"date":"2014-12-05T16:56:08","date_gmt":"2014-12-05T15:56:08","guid":{"rendered":"http:\/\/www.mary-chaplin.com\/artiste-peintre\/?page_id=56"},"modified":"2022-10-17T09:19:35","modified_gmt":"2022-10-17T08:19:35","slug":"videos","status":"publish","type":"page","link":"https:\/\/www.mary-chaplin.com\/artiste-peintre\/videos\/","title":{"rendered":""},"content":{"rendered":"<p style=\"text-align: center;\"><style id=\"depicter-77-inline-pre-css\">\n\n.depicter-77:not(.depicter-ready){\n\theight:calc( 100vh - 0px );\n}\n\n<\/style>\n<div id=\"depicter-77\" class=\"depicter depicter-document depicter-revert depicter-77 depicter-layout-fullscreen\">\n\n<div class=\"depicter-loading-container depicter-loading rings-dark\"><svg class=\"depicter-single-svg-loading\" viewBox=\"0 0 45 45\" xmlns=\"http:\/\/www.w3.org\/2000\/svg\">\n   <g fill=\"none\" fill-rule=\"evenodd\" transform=\"translate(1 1)\" stroke-width=\"2\">\n      <circle cx=\"22\" cy=\"22\" r=\"6\" stroke-opacity=\"0\">\n         <animate attributeName=\"r\" begin=\"1.5s\" dur=\"3s\" values=\"6;22\" calcMode=\"linear\" repeatCount=\"indefinite\" \/>\n         <animate attributeName=\"stroke-opacity\" begin=\"1.5s\" dur=\"3s\" values=\"1;0\" calcMode=\"linear\" repeatCount=\"indefinite\" \/>\n         <animate attributeName=\"stroke-width\" begin=\"1.5s\" dur=\"3s\" values=\"2;0\" calcMode=\"linear\" repeatCount=\"indefinite\" \/>\n      <\/circle>\n      <circle cx=\"22\" cy=\"22\" r=\"6\" stroke-opacity=\"0\">\n         <animate attributeName=\"r\" begin=\"3s\" dur=\"3s\" values=\"6;22\" calcMode=\"linear\" repeatCount=\"indefinite\" \/>\n         <animate attributeName=\"stroke-opacity\" begin=\"3s\" dur=\"3s\" values=\"1;0\" calcMode=\"linear\" repeatCount=\"indefinite\" \/>\n         <animate attributeName=\"stroke-width\" begin=\"3s\" dur=\"3s\" values=\"2;0\" calcMode=\"linear\" repeatCount=\"indefinite\" \/>\n      <\/circle>\n      <circle cx=\"22\" cy=\"22\" r=\"8\">\n         <animate attributeName=\"r\" begin=\"0s\" dur=\"1.5s\" values=\"6;1;2;3;4;5;6\" calcMode=\"linear\" repeatCount=\"indefinite\" \/>\n      <\/circle>\n   <\/g>\n<\/svg>\n<\/div>\n\n<div class=\"depicter-overlay-layers\">\n<picture id=\"depicter-77-element-8\" class=\"depicter-element depicter-layer depicter-77-element-8\" data-type=\"image\" data-wrap=\"true\" data-name=\"Image 4\" data-local-id=\"element-8\" data-offset=\"x:116px;y:270px;origin:ml\" data-mobile-offset=\"x:-126px;y:345px;origin:ml\" data-width=\"595px,,595px\" data-height=\"80px,,80px\" data-responsive-scale=\"true,,\" data-crop=\"false\">\n<source data-depicter-srcset=\"https:\/\/www.mary-chaplin.com\/artiste-peintre\/wp-content\/uploads\/2022\/09\/cropped-logo-mc-2022-595x80.png, https:\/\/www.mary-chaplin.com\/artiste-peintre\/wp-content\/uploads\/2022\/09\/cropped-logo-mc-2022-1190x160.png 2x\" srcset=\"data:image\/gif;base64,R0lGODlhAQABAIAAAAAAAP\/\/\/yH5BAEAAAAALAAAAAABAAEAAAIBRAA7\" \/>\n<img decoding=\"async\" src=\"data:image\/gif;base64,R0lGODlhAQABAIAAAAAAAP\/\/\/yH5BAEAAAAALAAAAAABAAEAAAIBRAA7\" data-depicter-src=\"https:\/\/www.mary-chaplin.com\/artiste-peintre\/wp-content\/uploads\/2022\/09\/cropped-logo-mc-2022-595x80.png\" alt=\"\" \/>\n<\/picture>\n<h1 data-animation-in=\"{'direction':'right','easing':'easeInOutExpo','duration':2500,'movement':300,'type':'move'}\" data-between-in-out=\"false\" id=\"depicter-77-element-7\" class=\"depicter-element depicter-layer depicter-77-element-7\" data-type=\"text\" data-wrap=\"true\" data-name=\"Text 1\" data-local-id=\"element-7\" data-offset=\"x:48px;y:-230px;origin:ml\" data-tablet-offset=\"x:35px;y:-197px;origin:ml\" data-mobile-offset=\"x:12px;y:-301px;origin:mc\" data-width=\"271.438px,271.438px,271.438px\" data-height=\"auto,auto,auto\" data-responsive-scale=\"true,,\">Quelques <br>Vid\u00e9os :<\/h1>\n\n<\/div>\n\n<div id=\"depicter-77-section-1\" class=\"depicter-section depicter-77-section-1\" data-name=\"Slide 1\" data-type=\"section\" data-local-id=\"section-1\">\n<div data-autoplay=\"true\" data-auto-pause=\"false\" data-loop=\"false\" data-player-type=\"native\" data-muted=\"true\" data-controls=\"1\" data-video-src=\"https:\/\/www.mary-chaplin.com\/artiste-peintre\/wp-content\/uploads\/2022\/10\/page-videos-1.mp4\" id=\"depicter-77-element-43\" class=\"depicter-element depicter-layer depicter-77-element-43\" data-type=\"video\" data-wrap=\"true\" data-name=\"Video 1\" data-local-id=\"element-43\" data-offset=\"x:-3px;y:-57px;origin:mc\" data-mobile-offset=\"x:-279px;y:-60px;origin:ml\" data-width=\"955px,,955px\" data-height=\"auto,,\" data-responsive-scale=\"true,,\"><\/div>\n\n<div data-animation-in=\"{'direction':'right','easing':'easeInOutExpo','duration':6000,'movement':{'value':800,'unit':'px'},'type':'move'}\" data-between-in-out=\"false\" id=\"depicter-77-element-42\" class=\"depicter-element depicter-layer depicter-77-element-42\" data-type=\"shape\" data-wrap=\"true\" data-name=\"Shape 3\" data-local-id=\"element-42\" data-offset=\"x:78px;y:55px;origin:ml\" data-mobile-offset=\"x:25px;y:55px;origin:mc\" data-width=\"255px,,\" data-height=\"241px,,\" data-responsive-scale=\"true,,\"><\/div>\n<\/div>\n<\/div>\n<script>\n(window.depicterSetups = window.depicterSetups || []).push(function(){\n\tDepicter.basePath = 'https:\/\/www.mary-chaplin.com\/artiste-peintre\/wp-content\/plugins\/depicter\/resources\/scripts\/player\/';\n\tconst dpPlayer = Depicter.setup('.depicter-77',\n\t\t{\"width\":[\"1200\",\"1024\",\"360\"],\"height\":[\"700\",\"700\",\"740\"],\"view\":\"fade\",\"keepAspectRatio\":false,\"preload\":0,\"layout\":\"fullscreen\",\"rtl\":false,\"initAfterAppear\":false,\"ajaxApiUrl\":\"https:\\\/\\\/www.mary-chaplin.com\\\/artiste-peintre\\\/wp-admin\\\/admin-ajax.php\",\"slideshow\":{\"duration\":3,\"pauseOnHover\":false,\"autostart\":true},\"mouseSwipe\":true,\"touchSwipe\":true,\"fullscreenMargin\":\"0\",\"useWatermark\":false}\n\t);\n});\n<\/script><\/p>\n<h1>D\u00e9couvrez \u00e0 travers quelques vid\u00e9os l&rsquo;univers figuratif et <a href=\"http:\/\/marychaplin-peintreluministe.com\/artiste\/\" target=\"_blank\" rel=\"noopener noreferrer\">abstrait de l&rsquo;artiste Mary Chaplin :<\/a><\/h1>\n<p>Pr\u00e9sentation de son nouvel atelier-galerie \u00e0 Cany-Barville sur les Bords de la Durdent (Normandie)<\/p>\n<p>Vid\u00e9o r\u00e9alis\u00e9e par<a href=\"https:\/\/www.ma-part-du-web.com\/agence-arras\/contact-devis\/\" target=\"_blank\" rel=\"noopener\"> Jean-Marc Denecker<\/a><\/p>\n<p><iframe loading=\"lazy\" title=\"YouTube video player\" src=\"https:\/\/www.youtube.com\/embed\/BnrFAhOvc5o\" width=\"560\" height=\"315\" frameborder=\"0\" allowfullscreen=\"allowfullscreen\"><\/iframe><\/p>\n<p>&nbsp;<\/p>\n<p>&nbsp;<\/p>\n<p>Quelques vid\u00e9os d&rsquo;expositions ainsi qu&rsquo;au c\u0153ur de son<a href=\"http:\/\/marychaplin-peintreluministe.com\/artiste\/\" target=\"_blank\" rel=\"noopener noreferrer\"> atelier<\/a>.<br \/>\n<iframe loading=\"lazy\" title=\"YouTube video player\" src=\"https:\/\/www.youtube.com\/embed\/iRog5M7YvgA\" width=\"560\" height=\"315\" frameborder=\"0\" allowfullscreen=\"allowfullscreen\"><\/iframe><\/p>\n<hr \/>\n<p>Vid\u00e9o interview r\u00e9alis\u00e9e par le Conseil D\u00e9partemental de la Somme dans le cadre de l&rsquo;exposition <a href=\"https:\/\/youtu.be\/a7bNnsQbgfI\" target=\"_blank\" rel=\"noopener noreferrer\">&lsquo;Permanences de l\u00a0\u00bb\u00e9ph\u00e9m\u00e8re&rsquo;<\/a> qui se tient au mus\u00e9e de <a href=\"http:\/\/www.abbaye-saint-riquier.fr\/FR\/saison.php\" target=\"_blank\" rel=\"noopener noreferrer\">l&rsquo;Abbaye de St Riquier (Hauts de France)<\/a><\/p>\n<p>D\u00e9couvrez l&rsquo;analyse du &lsquo;Rayon vert&rsquo;<br \/>\n<iframe loading=\"lazy\" style=\"border: none; overflow: hidden;\" src=\"https:\/\/www.facebook.com\/plugins\/video.php?height=314&amp;href=https%3A%2F%2Fwww.facebook.com%2Fabbayestriquier%2Fvideos%2F534918094573668%2F&amp;show_text=false&amp;width=560\" width=\"560\" height=\"314\" frameborder=\"0\" scrolling=\"no\" allowfullscreen=\"allowfullscreen\"><\/iframe><\/p>\n<p><iframe loading=\"lazy\" title=\"Interview - Mary Chaplin\" width=\"980\" height=\"551\" src=\"https:\/\/www.youtube.com\/embed\/a7bNnsQbgfI?feature=oembed\" frameborder=\"0\" allow=\"accelerometer; autoplay; clipboard-write; encrypted-media; gyroscope; picture-in-picture\" allowfullscreen><\/iframe><\/p>\n<p>Analyse d&rsquo;une de mes oeuvres l&rsquo; histoire des trois fileuses&rsquo; par le studio cr\u00e9a de l&rsquo;Abbaye de St Riquier<\/p>\n<p><iframe loading=\"lazy\" title=\"Analyse d&#039;\u0153uvre - &quot;L&#039;histoire des trois fileuses&quot; par Mary Chaplin\" width=\"980\" height=\"551\" src=\"https:\/\/www.youtube.com\/embed\/j0p5zLB-49o?feature=oembed\" frameborder=\"0\" allow=\"accelerometer; autoplay; clipboard-write; encrypted-media; gyroscope; picture-in-picture\" allowfullscreen><\/iframe><\/p>\n<div class=\"entrytext\">\n<p style=\"text-align: left;\"><iframe loading=\"lazy\" src=\"http:\/\/www.dailymotion.com\/embed\/video\/xsfb32\" width=\"500\" height=\"300\" frameborder=\"0\"><\/iframe><\/p>\n<p style=\"text-align: left;\"><iframe loading=\"lazy\" src=\"http:\/\/www.dailymotion.com\/embed\/video\/xekucw\" width=\"500\" height=\"300\" frameborder=\"0\"><\/iframe><br \/>\n<i><\/i><iframe loading=\"lazy\" src=\"http:\/\/www.dailymotion.com\/embed\/video\/xdm0k9\" width=\"500\" height=\"300\" frameborder=\"0\"><\/iframe><\/p>\n<\/div>\n","protected":false},"excerpt":{"rendered":"<p>D\u00e9couvrez \u00e0 travers quelques vid\u00e9os l&rsquo;univers figuratif et abstrait de l&rsquo;artiste Mary Chaplin : Pr\u00e9sentation de son nouvel atelier-galerie \u00e0 Cany-Barville sur les Bords de la Durdent (Normandie) Vid\u00e9o r\u00e9alis\u00e9e par Jean-Marc Denecker &nbsp; &nbsp; Quelques vid\u00e9os d&rsquo;expositions ainsi qu&rsquo;au c\u0153ur de son atelier. Vid\u00e9o interview r\u00e9alis\u00e9e par le Conseil D\u00e9partemental de la Somme dans [&hellip;]<\/p>\n","protected":false},"author":1,"featured_media":0,"parent":0,"menu_order":0,"comment_status":"open","ping_status":"closed","template":"page-full-width.php","meta":{"footnotes":""},"class_list":["post-56","page","type-page","status-publish","hentry"],"yoast_head":"<!-- This site is optimized with the Yoast SEO plugin v27.4 - https:\/\/yoast.com\/product\/yoast-seo-wordpress\/ -->\n<title>Mary Chaplin en vid\u00e9o : artiste peintre professionnelle<\/title>\n<meta name=\"description\" content=\"L&#039;univers abstrait et figuratif en videos de l&#039;artiste peintre luministe Mary Chaplin install\u00e9e en Normandie pr\u00e8s de la c\u00f4te d&#039;Alb\u00e2tre.\" \/>\n<meta name=\"robots\" content=\"index, follow, max-snippet:-1, max-image-preview:large, max-video-preview:-1\" \/>\n<link rel=\"canonical\" href=\"https:\/\/www.mary-chaplin.com\/artiste-peintre\/videos\/\" \/>\n<meta property=\"og:locale\" content=\"fr_FR\" \/>\n<meta property=\"og:type\" content=\"article\" \/>\n<meta property=\"og:title\" content=\"Mary Chaplin en vid\u00e9o : artiste peintre professionnelle\" \/>\n<meta property=\"og:description\" content=\"L&#039;univers abstrait et figuratif en videos de l&#039;artiste peintre luministe Mary Chaplin install\u00e9e en Normandie pr\u00e8s de la c\u00f4te d&#039;Alb\u00e2tre.\" \/>\n<meta property=\"og:url\" content=\"https:\/\/www.mary-chaplin.com\/artiste-peintre\/videos\/\" \/>\n<meta property=\"og:site_name\" content=\"Mary Chaplin Artiste peintre\" \/>\n<meta property=\"article:modified_time\" content=\"2022-10-17T08:19:35+00:00\" \/>\n<meta name=\"twitter:card\" content=\"summary_large_image\" \/>\n<script type=\"application\/ld+json\" class=\"yoast-schema-graph\">{\"@context\":\"https:\\\/\\\/schema.org\",\"@graph\":[{\"@type\":\"WebPage\",\"@id\":\"https:\\\/\\\/www.mary-chaplin.com\\\/artiste-peintre\\\/videos\\\/\",\"url\":\"https:\\\/\\\/www.mary-chaplin.com\\\/artiste-peintre\\\/videos\\\/\",\"name\":\"Mary Chaplin en vid\u00e9o : artiste peintre professionnelle\",\"isPartOf\":{\"@id\":\"https:\\\/\\\/www.mary-chaplin.com\\\/artiste-peintre\\\/#website\"},\"datePublished\":\"2014-12-05T15:56:08+00:00\",\"dateModified\":\"2022-10-17T08:19:35+00:00\",\"description\":\"L'univers abstrait et figuratif en videos de l'artiste peintre luministe Mary Chaplin install\u00e9e en Normandie pr\u00e8s de la c\u00f4te d'Alb\u00e2tre.\",\"inLanguage\":\"fr-FR\",\"potentialAction\":[{\"@type\":\"ReadAction\",\"target\":[\"https:\\\/\\\/www.mary-chaplin.com\\\/artiste-peintre\\\/videos\\\/\"]}]},{\"@type\":\"WebSite\",\"@id\":\"https:\\\/\\\/www.mary-chaplin.com\\\/artiste-peintre\\\/#website\",\"url\":\"https:\\\/\\\/www.mary-chaplin.com\\\/artiste-peintre\\\/\",\"name\":\"Mary Chaplin Artiste peintre\",\"description\":\"Artiste peintre Wailly Conty, Impressionnisme abstrait contemporain Hauts de France\",\"publisher\":{\"@id\":\"https:\\\/\\\/www.mary-chaplin.com\\\/artiste-peintre\\\/#organization\"},\"potentialAction\":[{\"@type\":\"SearchAction\",\"target\":{\"@type\":\"EntryPoint\",\"urlTemplate\":\"https:\\\/\\\/www.mary-chaplin.com\\\/artiste-peintre\\\/?s={search_term_string}\"},\"query-input\":{\"@type\":\"PropertyValueSpecification\",\"valueRequired\":true,\"valueName\":\"search_term_string\"}}],\"inLanguage\":\"fr-FR\"},{\"@type\":\"Organization\",\"@id\":\"https:\\\/\\\/www.mary-chaplin.com\\\/artiste-peintre\\\/#organization\",\"name\":\"Mary Chaplin Artiste peintre\",\"url\":\"https:\\\/\\\/www.mary-chaplin.com\\\/artiste-peintre\\\/\",\"logo\":{\"@type\":\"ImageObject\",\"inLanguage\":\"fr-FR\",\"@id\":\"https:\\\/\\\/www.mary-chaplin.com\\\/artiste-peintre\\\/#\\\/schema\\\/logo\\\/image\\\/\",\"url\":\"https:\\\/\\\/www.mary-chaplin.com\\\/artiste-peintre\\\/wp-content\\\/uploads\\\/2022\\\/09\\\/cropped-logo-mc.png\",\"contentUrl\":\"https:\\\/\\\/www.mary-chaplin.com\\\/artiste-peintre\\\/wp-content\\\/uploads\\\/2022\\\/09\\\/cropped-logo-mc.png\",\"width\":848,\"height\":137,\"caption\":\"Mary Chaplin Artiste peintre\"},\"image\":{\"@id\":\"https:\\\/\\\/www.mary-chaplin.com\\\/artiste-peintre\\\/#\\\/schema\\\/logo\\\/image\\\/\"}}]}<\/script>\n<!-- \/ Yoast SEO plugin. -->","yoast_head_json":{"title":"Mary Chaplin en vid\u00e9o : artiste peintre professionnelle","description":"L'univers abstrait et figuratif en videos de l'artiste peintre luministe Mary Chaplin install\u00e9e en Normandie pr\u00e8s de la c\u00f4te d'Alb\u00e2tre.","robots":{"index":"index","follow":"follow","max-snippet":"max-snippet:-1","max-image-preview":"max-image-preview:large","max-video-preview":"max-video-preview:-1"},"canonical":"https:\/\/www.mary-chaplin.com\/artiste-peintre\/videos\/","og_locale":"fr_FR","og_type":"article","og_title":"Mary Chaplin en vid\u00e9o : artiste peintre professionnelle","og_description":"L'univers abstrait et figuratif en videos de l'artiste peintre luministe Mary Chaplin install\u00e9e en Normandie pr\u00e8s de la c\u00f4te d'Alb\u00e2tre.","og_url":"https:\/\/www.mary-chaplin.com\/artiste-peintre\/videos\/","og_site_name":"Mary Chaplin Artiste peintre","article_modified_time":"2022-10-17T08:19:35+00:00","twitter_card":"summary_large_image","schema":{"@context":"https:\/\/schema.org","@graph":[{"@type":"WebPage","@id":"https:\/\/www.mary-chaplin.com\/artiste-peintre\/videos\/","url":"https:\/\/www.mary-chaplin.com\/artiste-peintre\/videos\/","name":"Mary Chaplin en vid\u00e9o : artiste peintre professionnelle","isPartOf":{"@id":"https:\/\/www.mary-chaplin.com\/artiste-peintre\/#website"},"datePublished":"2014-12-05T15:56:08+00:00","dateModified":"2022-10-17T08:19:35+00:00","description":"L'univers abstrait et figuratif en videos de l'artiste peintre luministe Mary Chaplin install\u00e9e en Normandie pr\u00e8s de la c\u00f4te d'Alb\u00e2tre.","inLanguage":"fr-FR","potentialAction":[{"@type":"ReadAction","target":["https:\/\/www.mary-chaplin.com\/artiste-peintre\/videos\/"]}]},{"@type":"WebSite","@id":"https:\/\/www.mary-chaplin.com\/artiste-peintre\/#website","url":"https:\/\/www.mary-chaplin.com\/artiste-peintre\/","name":"Mary Chaplin Artiste peintre","description":"Artiste peintre Wailly Conty, Impressionnisme abstrait contemporain Hauts de France","publisher":{"@id":"https:\/\/www.mary-chaplin.com\/artiste-peintre\/#organization"},"potentialAction":[{"@type":"SearchAction","target":{"@type":"EntryPoint","urlTemplate":"https:\/\/www.mary-chaplin.com\/artiste-peintre\/?s={search_term_string}"},"query-input":{"@type":"PropertyValueSpecification","valueRequired":true,"valueName":"search_term_string"}}],"inLanguage":"fr-FR"},{"@type":"Organization","@id":"https:\/\/www.mary-chaplin.com\/artiste-peintre\/#organization","name":"Mary Chaplin Artiste peintre","url":"https:\/\/www.mary-chaplin.com\/artiste-peintre\/","logo":{"@type":"ImageObject","inLanguage":"fr-FR","@id":"https:\/\/www.mary-chaplin.com\/artiste-peintre\/#\/schema\/logo\/image\/","url":"https:\/\/www.mary-chaplin.com\/artiste-peintre\/wp-content\/uploads\/2022\/09\/cropped-logo-mc.png","contentUrl":"https:\/\/www.mary-chaplin.com\/artiste-peintre\/wp-content\/uploads\/2022\/09\/cropped-logo-mc.png","width":848,"height":137,"caption":"Mary Chaplin Artiste peintre"},"image":{"@id":"https:\/\/www.mary-chaplin.com\/artiste-peintre\/#\/schema\/logo\/image\/"}}]}},"_links":{"self":[{"href":"https:\/\/www.mary-chaplin.com\/artiste-peintre\/wp-json\/wp\/v2\/pages\/56","targetHints":{"allow":["GET"]}}],"collection":[{"href":"https:\/\/www.mary-chaplin.com\/artiste-peintre\/wp-json\/wp\/v2\/pages"}],"about":[{"href":"https:\/\/www.mary-chaplin.com\/artiste-peintre\/wp-json\/wp\/v2\/types\/page"}],"author":[{"embeddable":true,"href":"https:\/\/www.mary-chaplin.com\/artiste-peintre\/wp-json\/wp\/v2\/users\/1"}],"replies":[{"embeddable":true,"href":"https:\/\/www.mary-chaplin.com\/artiste-peintre\/wp-json\/wp\/v2\/comments?post=56"}],"version-history":[{"count":28,"href":"https:\/\/www.mary-chaplin.com\/artiste-peintre\/wp-json\/wp\/v2\/pages\/56\/revisions"}],"predecessor-version":[{"id":1601,"href":"https:\/\/www.mary-chaplin.com\/artiste-peintre\/wp-json\/wp\/v2\/pages\/56\/revisions\/1601"}],"wp:attachment":[{"href":"https:\/\/www.mary-chaplin.com\/artiste-peintre\/wp-json\/wp\/v2\/media?parent=56"}],"curies":[{"name":"wp","href":"https:\/\/api.w.org\/{rel}","templated":true}]}}