{"id":385,"date":"2015-11-10T14:35:34","date_gmt":"2015-11-10T13:35:34","guid":{"rendered":"http:\/\/www.mary-chaplin.com\/artiste-peintre\/?page_id=385"},"modified":"2021-07-22T10:22:35","modified_gmt":"2021-07-22T09:22:35","slug":"%e7%94%bb%e5%ae%b6%e7%8e%9b%e4%b8%bd%e5%8d%93%e5%88%ab%e6%9e%97%e4%bd%9c%e5%93%81%e5%b1%95","status":"publish","type":"page","link":"https:\/\/www.mary-chaplin.com\/artiste-peintre\/%e7%94%bb%e5%ae%b6%e7%8e%9b%e4%b8%bd%e5%8d%93%e5%88%ab%e6%9e%97%e4%bd%9c%e5%93%81%e5%b1%95\/","title":{"rendered":"\u753b\u5bb6\u739b\u4e3d\u5353\u522b\u6797\u4f5c\u54c1\u5c55"},"content":{"rendered":"<p>\u751f\u6d3b\u4e0e\u521b\u4f5c\u5728\u6cd5\u56fd\u5e80\u5361\u5e95\u5730\u533a\u963f\u68c9\u5e02\u5357\u90e8\u7684\u5149\u611f\u7ed8\u753b\u827a\u672f\u5bb6&#8212;&#8212;\u739b\u4e3d \u590f\u666e\u5170<\/p>\n<p>\u5728\u6cd5\u56fd\u5317\u90e8\u5e80\u5361\u5e95\u5730\u533a\u7684\u585e\u52d2\u5c71\u8c37\u4e2d\uff0c\u6709\u4e00\u4e2a\u53eb\u7ef4\u4e3d\u7684\u7f8e\u4e3d\u6751\u843d\uff0c\u8fd9\u91cc\u53e4\u6728\u53c2\u5929\uff0c\u666f\u8272\u5982\u753b\u3002\u739b\u4e3d \u590f\u666e\u5170\u7684\u5de5\u4f5c\u5ba4\u5373\u5750\u843d\u4e8e\u6b64\u3002\u901a\u8fc7\u957f\u671f\u7531\u5929\u5730\u4e4b\u5927\u7f8e\u4e2d\u6c72\u53d6\u7075\u611f\uff0c\u739b\u4e3d \u590f\u666e\u5170\u7a81\u7136\u4e8e2005\u5e74\u53d1\u73b0\u4e86\u4e00\u4e2a\u975e\u5f62\u8c61\u4e16\u754c&#8212;&#8212;\u5149\u7684\u4e16\u754c\uff1b \u6295\u5c04\u5728\u53e4\u5efa\u7b51\u4e0a\u7684\u660e\u6697\u53d8\u5316\u7684\u5149\u5f71\uff0c\u5f00\u542f\u4e86\u5979\u65b0\u7684\u521b\u4f5c\u89c6\u89d2\u3002<a href=\"http:\/\/www.mary-chaplin.com\/artiste-peintre\/wp-content\/uploads\/2015\/11\/IMGP6799okw.jpg\"><img loading=\"lazy\" decoding=\"async\" class=\"size-medium wp-image-400 alignright\" src=\"http:\/\/www.mary-chaplin.com\/artiste-peintre\/wp-content\/uploads\/2015\/11\/IMGP6799okw-300x214.jpg\" alt=\"\u753b\u5bb6\u739b\u4e3d\u5353\u522b\u6797\u4f5c\u54c1\u5c55\" width=\"300\" height=\"214\" srcset=\"https:\/\/www.mary-chaplin.com\/artiste-peintre\/wp-content\/uploads\/2015\/11\/IMGP6799okw-300x214.jpg 300w, https:\/\/www.mary-chaplin.com\/artiste-peintre\/wp-content\/uploads\/2015\/11\/IMGP6799okw-1024x730.jpg 1024w, https:\/\/www.mary-chaplin.com\/artiste-peintre\/wp-content\/uploads\/2015\/11\/IMGP6799okw.jpg 1991w\" sizes=\"auto, (max-width: 300px) 100vw, 300px\" \/><\/a><\/p>\n<p>\u201c\u5149\u7684\u53d1\u73b0\u201d\u98a0\u8986\u4e86\u5979\u56fa\u6709\u7684\u827a\u672f\u7406\u5ff5\u3002\u8fd9\u79cd\u65b0\u7684\u521b\u4f5c\u65b9\u5411\uff0c\u662f\u739b\u4e3d \u590f\u666e\u5170\u83b7\u5f97\u7684\u751f\u547d\u4e2d\u6700\u73cd\u8d35\u7684\u793c\u7269\uff0c\u4f7f\u5979\u5728\u82e6\u601d\u51a5\u60f3\u4e2d\uff0c\u5bf9\u827a\u672f\u7684\u63a2\u7d22\u72ec\u8f9f\u8e4a\u5f84\u3002\u901a\u8fc7\u65e5\u79ef\u6708\u7d2f\u7684\u89c2\u5bdf\u81ea\u7136\uff0c\u5979\u7684\u89c6\u91ce\u4e0d\u65ad\u62d3\u5bbd\uff0c\u6709\u5f62\u7684\u4e16\u754c\u9010\u6e10\u9690\u9000\uff0c\u4f5c\u54c1\u5448\u73b0\u8d8a\u6765\u8d8a\u5370\u8c61\u5316\u751a\u81f3\u62bd\u8c61\u5316\u3002<\/p>\n<p>\u739b\u4e3d\u4e0d\u4ec5\u7528\u5f3a\u70c8\u7684\u89e6\u611f\uff0c\u989c\u8272\u7684\u53e0\u52a0\u6765\u8868\u73b0\u5979\u5bf9\u81ea\u7136\u7684\u7231\uff1b\u5979\u8fd8\u628a\u81ea\u5df1\u7684\u68a6\u4e2d\u82b1\u56ed\u53d8\u6210\u4e86\u73b0\u5b9e&#8212;&#8212;\u90a3\u662f\u5979\u7075\u9b42\u7684\u6816\u606f\u5730\u3002\u5979\u55c5\u5230\u7684\u9635\u9635\u82b1\u9999\uff0c\u88ab\u6beb\u4e0d\u541d\u556c\u5730\u6563\u64ad\u5230\u4e86\u5979\u7684\u753b\u5e03\u4e0a\u3002\u739b\u4e3d\u753b\u5979\u82b1\u56ed\u91cc\u7684\u82b1\u8349\u866b\u9c7c\uff0c\u5c31\u597d\u50cf\u5728\u8ffd\u5bfb\u5979\u7ae5\u5e74\u65f6\u5173\u4e8e\u76db\u590f\u7684\u8bb0\u5fc6\u3002<\/p>\n<p>\u82b1\u56ed\u662f\u68a6\u60f3\u7684\u6e90\u6cc9\u548c\u827a\u672f\u7684\u5b9d\u85cf\uff0c\u90a3\u91cc\u6709\u8272\u5f69\uff0c\u6709\u82b1\u9999\uff0c\u6709\u7f8e\u5473\uff0c\u6709\u4e2a\u4eba\u65e0\u6cd5\u8a00\u8bf4\u7684\u79d8\u5bc6\u3002\u800c\u739b\u4e3d\u7684\u7ed8\u753b\u6b63\u5982\u5979\u7684\u82b1\u56ed\uff0c\u5c06\u6211\u4eec\u5e26\u5165\u4e00\u4e2a\u6323\u8131\u4e86\u5f62\u8c61\u675f\u7f1a\u7684\u7f8e\u5999\u4e16\u754c\u3002\u5728\u8fd9\u91cc\uff0c\u6211\u4eec\u7684\u5fc3\u80fd\u611f\u53d7\u5230\u6682\u522b\u7ea2\u5c18\u7684\u8d85\u62d4\uff0c\u82b1\u9999\u6c24\u6c32\u7684\u8109\u52a8\u548c\u708e\u708e\u590f\u65e5\u91cc\u7684\u5fae\u98ce\u6e05\u51c9\u3002<\/p>\n<p>\u5730\u5740 : 3 rue de Petit Rond 80160 WAILLY \u00a0France \u6cd5\u56fd<br \/>\n\u7535\u8bdd : 00 33 6 24 72 49 16 \u6216 00 33 3 22 42 21 38<br \/>\n\u90ae\u7bb1\uff1a contact@mary-chaplin.com<br \/>\n\u7f51\u5740\uff1a www.mary-chaplin.com<\/p>\n<p><a href=\"http:\/\/www.mary-chaplin.com\/artiste-peintre\/wp-content\/uploads\/2015\/11\/IMGP6808okw.jpg\"><img loading=\"lazy\" decoding=\"async\" class=\"aligncenter wp-image-399 size-large\" src=\"http:\/\/www.mary-chaplin.com\/artiste-peintre\/wp-content\/uploads\/2015\/11\/IMGP6808okw-1024x663.jpg\" alt=\"\u753b\u5bb6\u739b\u4e3d\u5353\u522b\u6797\u4f5c\u54c1\u5c55\" width=\"600\" height=\"388\" srcset=\"https:\/\/www.mary-chaplin.com\/artiste-peintre\/wp-content\/uploads\/2015\/11\/IMGP6808okw-1024x663.jpg 1024w, https:\/\/www.mary-chaplin.com\/artiste-peintre\/wp-content\/uploads\/2015\/11\/IMGP6808okw-300x194.jpg 300w, https:\/\/www.mary-chaplin.com\/artiste-peintre\/wp-content\/uploads\/2015\/11\/IMGP6808okw.jpg 1200w\" sizes=\"auto, (max-width: 600px) 100vw, 600px\" \/><\/a><\/p>\n","protected":false},"excerpt":{"rendered":"<p>\u751f\u6d3b\u4e0e\u521b\u4f5c\u5728\u6cd5\u56fd\u5e80\u5361\u5e95\u5730\u533a\u963f\u68c9\u5e02\u5357\u90e8\u7684\u5149\u611f\u7ed8\u753b\u827a\u672f\u5bb6&#8212;&#8212;\u739b\u4e3d \u590f\u666e\u5170 \u5728\u6cd5\u56fd\u5317\u90e8\u5e80\u5361\u5e95\u5730\u533a\u7684\u585e\u52d2\u5c71\u8c37\u4e2d\uff0c\u6709\u4e00\u4e2a\u53eb\u7ef4\u4e3d\u7684\u7f8e\u4e3d\u6751\u843d\uff0c\u8fd9\u91cc\u53e4\u6728\u53c2\u5929\uff0c\u666f\u8272\u5982\u753b\u3002\u739b\u4e3d \u590f\u666e\u5170\u7684\u5de5\u4f5c\u5ba4\u5373\u5750\u843d\u4e8e\u6b64\u3002\u901a\u8fc7\u957f\u671f\u7531\u5929\u5730\u4e4b\u5927\u7f8e\u4e2d\u6c72\u53d6\u7075\u611f\uff0c\u739b\u4e3d \u590f\u666e\u5170\u7a81\u7136\u4e8e2005\u5e74\u53d1\u73b0\u4e86\u4e00\u4e2a\u975e\u5f62\u8c61\u4e16\u754c&#8212;&#8212;\u5149\u7684\u4e16\u754c\uff1b \u6295\u5c04\u5728\u53e4\u5efa\u7b51\u4e0a\u7684\u660e\u6697\u53d8\u5316\u7684\u5149\u5f71\uff0c\u5f00\u542f\u4e86\u5979\u65b0\u7684\u521b\u4f5c\u89c6\u89d2\u3002 \u201c\u5149\u7684\u53d1\u73b0\u201d\u98a0\u8986\u4e86\u5979\u56fa\u6709\u7684\u827a\u672f\u7406\u5ff5\u3002\u8fd9\u79cd\u65b0\u7684\u521b\u4f5c\u65b9\u5411\uff0c\u662f\u739b\u4e3d \u590f\u666e\u5170\u83b7\u5f97\u7684\u751f\u547d\u4e2d\u6700\u73cd\u8d35\u7684\u793c\u7269\uff0c\u4f7f\u5979\u5728\u82e6\u601d\u51a5\u60f3\u4e2d\uff0c\u5bf9\u827a\u672f\u7684\u63a2\u7d22\u72ec\u8f9f\u8e4a\u5f84\u3002\u901a\u8fc7\u65e5\u79ef\u6708\u7d2f\u7684\u89c2\u5bdf\u81ea\u7136\uff0c\u5979\u7684\u89c6\u91ce\u4e0d\u65ad\u62d3\u5bbd\uff0c\u6709\u5f62\u7684\u4e16\u754c\u9010\u6e10\u9690\u9000\uff0c\u4f5c\u54c1\u5448\u73b0\u8d8a\u6765\u8d8a\u5370\u8c61\u5316\u751a\u81f3\u62bd\u8c61\u5316\u3002 \u739b\u4e3d\u4e0d\u4ec5\u7528\u5f3a\u70c8\u7684\u89e6\u611f\uff0c\u989c\u8272\u7684\u53e0\u52a0\u6765\u8868\u73b0\u5979\u5bf9\u81ea\u7136\u7684\u7231\uff1b\u5979\u8fd8\u628a\u81ea\u5df1\u7684\u68a6\u4e2d\u82b1\u56ed\u53d8\u6210\u4e86\u73b0\u5b9e&#8212;&#8212;\u90a3\u662f\u5979\u7075\u9b42\u7684\u6816\u606f\u5730\u3002\u5979\u55c5\u5230\u7684\u9635\u9635\u82b1\u9999\uff0c\u88ab\u6beb\u4e0d\u541d\u556c\u5730\u6563\u64ad\u5230\u4e86\u5979\u7684\u753b\u5e03\u4e0a\u3002\u739b\u4e3d\u753b\u5979\u82b1\u56ed\u91cc\u7684\u82b1\u8349\u866b\u9c7c\uff0c\u5c31\u597d\u50cf\u5728\u8ffd\u5bfb\u5979\u7ae5\u5e74\u65f6\u5173\u4e8e\u76db\u590f\u7684\u8bb0\u5fc6\u3002 \u82b1\u56ed\u662f\u68a6\u60f3\u7684\u6e90\u6cc9\u548c\u827a\u672f\u7684\u5b9d\u85cf\uff0c\u90a3\u91cc\u6709\u8272\u5f69\uff0c\u6709\u82b1\u9999\uff0c\u6709\u7f8e\u5473\uff0c\u6709\u4e2a\u4eba\u65e0\u6cd5\u8a00\u8bf4\u7684\u79d8\u5bc6\u3002\u800c\u739b\u4e3d\u7684\u7ed8\u753b\u6b63\u5982\u5979\u7684\u82b1\u56ed\uff0c\u5c06\u6211\u4eec\u5e26\u5165\u4e00\u4e2a\u6323\u8131\u4e86\u5f62\u8c61\u675f\u7f1a\u7684\u7f8e\u5999\u4e16\u754c\u3002\u5728\u8fd9\u91cc\uff0c\u6211\u4eec\u7684\u5fc3\u80fd\u611f\u53d7\u5230\u6682\u522b\u7ea2\u5c18\u7684\u8d85\u62d4\uff0c\u82b1\u9999\u6c24\u6c32\u7684\u8109\u52a8\u548c\u708e\u708e\u590f\u65e5\u91cc\u7684\u5fae\u98ce\u6e05\u51c9\u3002 \u5730\u5740 : 3 rue de Petit Rond 80160 WAILLY \u00a0France \u6cd5\u56fd \u7535\u8bdd : 00 33 6 24 72 49 16 \u6216 00 33 3 22 42 21 38 \u90ae\u7bb1\uff1a contact@mary-chaplin.com \u7f51\u5740\uff1a www.mary-chaplin.com<\/p>\n","protected":false},"author":1,"featured_media":0,"parent":0,"menu_order":0,"comment_status":"closed","ping_status":"closed","template":"","meta":{"footnotes":""},"class_list":["post-385","page","type-page","status-publish","hentry"],"yoast_head":"<!-- This site is optimized with the Yoast SEO plugin v27.4 - https:\/\/yoast.com\/product\/yoast-seo-wordpress\/ -->\n<title>Peintre fran\u00e7aise install\u00e9e en Normandie et en Picardie<\/title>\n<meta name=\"description\" content=\"Une peinture fraiche et zen : l&#039;Art \u00e0 la fran\u00e7aise mainte fois r\u00e9compens\u00e9e dans le monde. Artiste cot\u00e9e \/ Mary Chaplin\" \/>\n<meta name=\"robots\" content=\"index, follow, max-snippet:-1, max-image-preview:large, max-video-preview:-1\" \/>\n<link rel=\"canonical\" href=\"https:\/\/www.mary-chaplin.com\/artiste-peintre\/\u753b\u5bb6\u739b\u4e3d\u5353\u522b\u6797\u4f5c\u54c1\u5c55\/\" \/>\n<meta property=\"og:locale\" content=\"fr_FR\" \/>\n<meta property=\"og:type\" content=\"article\" \/>\n<meta property=\"og:title\" content=\"Peintre fran\u00e7aise install\u00e9e en Normandie et en Picardie\" \/>\n<meta property=\"og:description\" content=\"Une peinture fraiche et zen : l&#039;Art \u00e0 la fran\u00e7aise mainte fois r\u00e9compens\u00e9e dans le monde. Artiste cot\u00e9e \/ Mary Chaplin\" \/>\n<meta property=\"og:url\" content=\"https:\/\/www.mary-chaplin.com\/artiste-peintre\/\u753b\u5bb6\u739b\u4e3d\u5353\u522b\u6797\u4f5c\u54c1\u5c55\/\" \/>\n<meta property=\"og:site_name\" content=\"Mary Chaplin Artiste peintre\" \/>\n<meta property=\"article:modified_time\" content=\"2021-07-22T09:22:35+00:00\" \/>\n<meta property=\"og:image\" content=\"http:\/\/www.mary-chaplin.com\/artiste-peintre\/wp-content\/uploads\/2015\/11\/IMGP6799okw-300x214.jpg\" \/>\n<meta name=\"twitter:card\" content=\"summary_large_image\" \/>\n<script type=\"application\/ld+json\" class=\"yoast-schema-graph\">{\"@context\":\"https:\\\/\\\/schema.org\",\"@graph\":[{\"@type\":\"WebPage\",\"@id\":\"https:\\\/\\\/www.mary-chaplin.com\\\/artiste-peintre\\\/%e7%94%bb%e5%ae%b6%e7%8e%9b%e4%b8%bd%e5%8d%93%e5%88%ab%e6%9e%97%e4%bd%9c%e5%93%81%e5%b1%95\\\/\",\"url\":\"https:\\\/\\\/www.mary-chaplin.com\\\/artiste-peintre\\\/%e7%94%bb%e5%ae%b6%e7%8e%9b%e4%b8%bd%e5%8d%93%e5%88%ab%e6%9e%97%e4%bd%9c%e5%93%81%e5%b1%95\\\/\",\"name\":\"Peintre fran\u00e7aise install\u00e9e en Normandie et en Picardie\",\"isPartOf\":{\"@id\":\"https:\\\/\\\/www.mary-chaplin.com\\\/artiste-peintre\\\/#website\"},\"primaryImageOfPage\":{\"@id\":\"https:\\\/\\\/www.mary-chaplin.com\\\/artiste-peintre\\\/%e7%94%bb%e5%ae%b6%e7%8e%9b%e4%b8%bd%e5%8d%93%e5%88%ab%e6%9e%97%e4%bd%9c%e5%93%81%e5%b1%95\\\/#primaryimage\"},\"image\":{\"@id\":\"https:\\\/\\\/www.mary-chaplin.com\\\/artiste-peintre\\\/%e7%94%bb%e5%ae%b6%e7%8e%9b%e4%b8%bd%e5%8d%93%e5%88%ab%e6%9e%97%e4%bd%9c%e5%93%81%e5%b1%95\\\/#primaryimage\"},\"thumbnailUrl\":\"http:\\\/\\\/www.mary-chaplin.com\\\/artiste-peintre\\\/wp-content\\\/uploads\\\/2015\\\/11\\\/IMGP6799okw-300x214.jpg\",\"datePublished\":\"2015-11-10T13:35:34+00:00\",\"dateModified\":\"2021-07-22T09:22:35+00:00\",\"description\":\"Une peinture fraiche et zen : l'Art \u00e0 la fran\u00e7aise mainte fois r\u00e9compens\u00e9e dans le monde. Artiste cot\u00e9e \\\/ Mary Chaplin\",\"breadcrumb\":{\"@id\":\"https:\\\/\\\/www.mary-chaplin.com\\\/artiste-peintre\\\/%e7%94%bb%e5%ae%b6%e7%8e%9b%e4%b8%bd%e5%8d%93%e5%88%ab%e6%9e%97%e4%bd%9c%e5%93%81%e5%b1%95\\\/#breadcrumb\"},\"inLanguage\":\"fr-FR\",\"potentialAction\":[{\"@type\":\"ReadAction\",\"target\":[\"https:\\\/\\\/www.mary-chaplin.com\\\/artiste-peintre\\\/%e7%94%bb%e5%ae%b6%e7%8e%9b%e4%b8%bd%e5%8d%93%e5%88%ab%e6%9e%97%e4%bd%9c%e5%93%81%e5%b1%95\\\/\"]}]},{\"@type\":\"ImageObject\",\"inLanguage\":\"fr-FR\",\"@id\":\"https:\\\/\\\/www.mary-chaplin.com\\\/artiste-peintre\\\/%e7%94%bb%e5%ae%b6%e7%8e%9b%e4%b8%bd%e5%8d%93%e5%88%ab%e6%9e%97%e4%bd%9c%e5%93%81%e5%b1%95\\\/#primaryimage\",\"url\":\"http:\\\/\\\/www.mary-chaplin.com\\\/artiste-peintre\\\/wp-content\\\/uploads\\\/2015\\\/11\\\/IMGP6799okw-300x214.jpg\",\"contentUrl\":\"http:\\\/\\\/www.mary-chaplin.com\\\/artiste-peintre\\\/wp-content\\\/uploads\\\/2015\\\/11\\\/IMGP6799okw-300x214.jpg\"},{\"@type\":\"BreadcrumbList\",\"@id\":\"https:\\\/\\\/www.mary-chaplin.com\\\/artiste-peintre\\\/%e7%94%bb%e5%ae%b6%e7%8e%9b%e4%b8%bd%e5%8d%93%e5%88%ab%e6%9e%97%e4%bd%9c%e5%93%81%e5%b1%95\\\/#breadcrumb\",\"itemListElement\":[{\"@type\":\"ListItem\",\"position\":1,\"name\":\"Accueil\",\"item\":\"https:\\\/\\\/www.mary-chaplin.com\\\/artiste-peintre\\\/\"},{\"@type\":\"ListItem\",\"position\":2,\"name\":\"\u753b\u5bb6\u739b\u4e3d\u5353\u522b\u6797\u4f5c\u54c1\u5c55\"}]},{\"@type\":\"WebSite\",\"@id\":\"https:\\\/\\\/www.mary-chaplin.com\\\/artiste-peintre\\\/#website\",\"url\":\"https:\\\/\\\/www.mary-chaplin.com\\\/artiste-peintre\\\/\",\"name\":\"Mary Chaplin Artiste peintre\",\"description\":\"Artiste peintre Wailly Conty, Impressionnisme abstrait contemporain Hauts de France\",\"publisher\":{\"@id\":\"https:\\\/\\\/www.mary-chaplin.com\\\/artiste-peintre\\\/#organization\"},\"potentialAction\":[{\"@type\":\"SearchAction\",\"target\":{\"@type\":\"EntryPoint\",\"urlTemplate\":\"https:\\\/\\\/www.mary-chaplin.com\\\/artiste-peintre\\\/?s={search_term_string}\"},\"query-input\":{\"@type\":\"PropertyValueSpecification\",\"valueRequired\":true,\"valueName\":\"search_term_string\"}}],\"inLanguage\":\"fr-FR\"},{\"@type\":\"Organization\",\"@id\":\"https:\\\/\\\/www.mary-chaplin.com\\\/artiste-peintre\\\/#organization\",\"name\":\"Mary Chaplin Artiste peintre\",\"url\":\"https:\\\/\\\/www.mary-chaplin.com\\\/artiste-peintre\\\/\",\"logo\":{\"@type\":\"ImageObject\",\"inLanguage\":\"fr-FR\",\"@id\":\"https:\\\/\\\/www.mary-chaplin.com\\\/artiste-peintre\\\/#\\\/schema\\\/logo\\\/image\\\/\",\"url\":\"https:\\\/\\\/www.mary-chaplin.com\\\/artiste-peintre\\\/wp-content\\\/uploads\\\/2022\\\/09\\\/cropped-logo-mc.png\",\"contentUrl\":\"https:\\\/\\\/www.mary-chaplin.com\\\/artiste-peintre\\\/wp-content\\\/uploads\\\/2022\\\/09\\\/cropped-logo-mc.png\",\"width\":848,\"height\":137,\"caption\":\"Mary Chaplin Artiste peintre\"},\"image\":{\"@id\":\"https:\\\/\\\/www.mary-chaplin.com\\\/artiste-peintre\\\/#\\\/schema\\\/logo\\\/image\\\/\"}}]}<\/script>\n<!-- \/ Yoast SEO plugin. -->","yoast_head_json":{"title":"Peintre fran\u00e7aise install\u00e9e en Normandie et en Picardie","description":"Une peinture fraiche et zen : l'Art \u00e0 la fran\u00e7aise mainte fois r\u00e9compens\u00e9e dans le monde. Artiste cot\u00e9e \/ Mary Chaplin","robots":{"index":"index","follow":"follow","max-snippet":"max-snippet:-1","max-image-preview":"max-image-preview:large","max-video-preview":"max-video-preview:-1"},"canonical":"https:\/\/www.mary-chaplin.com\/artiste-peintre\/\u753b\u5bb6\u739b\u4e3d\u5353\u522b\u6797\u4f5c\u54c1\u5c55\/","og_locale":"fr_FR","og_type":"article","og_title":"Peintre fran\u00e7aise install\u00e9e en Normandie et en Picardie","og_description":"Une peinture fraiche et zen : l'Art \u00e0 la fran\u00e7aise mainte fois r\u00e9compens\u00e9e dans le monde. Artiste cot\u00e9e \/ Mary Chaplin","og_url":"https:\/\/www.mary-chaplin.com\/artiste-peintre\/\u753b\u5bb6\u739b\u4e3d\u5353\u522b\u6797\u4f5c\u54c1\u5c55\/","og_site_name":"Mary Chaplin Artiste peintre","article_modified_time":"2021-07-22T09:22:35+00:00","og_image":[{"url":"http:\/\/www.mary-chaplin.com\/artiste-peintre\/wp-content\/uploads\/2015\/11\/IMGP6799okw-300x214.jpg","type":"","width":"","height":""}],"twitter_card":"summary_large_image","schema":{"@context":"https:\/\/schema.org","@graph":[{"@type":"WebPage","@id":"https:\/\/www.mary-chaplin.com\/artiste-peintre\/%e7%94%bb%e5%ae%b6%e7%8e%9b%e4%b8%bd%e5%8d%93%e5%88%ab%e6%9e%97%e4%bd%9c%e5%93%81%e5%b1%95\/","url":"https:\/\/www.mary-chaplin.com\/artiste-peintre\/%e7%94%bb%e5%ae%b6%e7%8e%9b%e4%b8%bd%e5%8d%93%e5%88%ab%e6%9e%97%e4%bd%9c%e5%93%81%e5%b1%95\/","name":"Peintre fran\u00e7aise install\u00e9e en Normandie et en Picardie","isPartOf":{"@id":"https:\/\/www.mary-chaplin.com\/artiste-peintre\/#website"},"primaryImageOfPage":{"@id":"https:\/\/www.mary-chaplin.com\/artiste-peintre\/%e7%94%bb%e5%ae%b6%e7%8e%9b%e4%b8%bd%e5%8d%93%e5%88%ab%e6%9e%97%e4%bd%9c%e5%93%81%e5%b1%95\/#primaryimage"},"image":{"@id":"https:\/\/www.mary-chaplin.com\/artiste-peintre\/%e7%94%bb%e5%ae%b6%e7%8e%9b%e4%b8%bd%e5%8d%93%e5%88%ab%e6%9e%97%e4%bd%9c%e5%93%81%e5%b1%95\/#primaryimage"},"thumbnailUrl":"http:\/\/www.mary-chaplin.com\/artiste-peintre\/wp-content\/uploads\/2015\/11\/IMGP6799okw-300x214.jpg","datePublished":"2015-11-10T13:35:34+00:00","dateModified":"2021-07-22T09:22:35+00:00","description":"Une peinture fraiche et zen : l'Art \u00e0 la fran\u00e7aise mainte fois r\u00e9compens\u00e9e dans le monde. Artiste cot\u00e9e \/ Mary Chaplin","breadcrumb":{"@id":"https:\/\/www.mary-chaplin.com\/artiste-peintre\/%e7%94%bb%e5%ae%b6%e7%8e%9b%e4%b8%bd%e5%8d%93%e5%88%ab%e6%9e%97%e4%bd%9c%e5%93%81%e5%b1%95\/#breadcrumb"},"inLanguage":"fr-FR","potentialAction":[{"@type":"ReadAction","target":["https:\/\/www.mary-chaplin.com\/artiste-peintre\/%e7%94%bb%e5%ae%b6%e7%8e%9b%e4%b8%bd%e5%8d%93%e5%88%ab%e6%9e%97%e4%bd%9c%e5%93%81%e5%b1%95\/"]}]},{"@type":"ImageObject","inLanguage":"fr-FR","@id":"https:\/\/www.mary-chaplin.com\/artiste-peintre\/%e7%94%bb%e5%ae%b6%e7%8e%9b%e4%b8%bd%e5%8d%93%e5%88%ab%e6%9e%97%e4%bd%9c%e5%93%81%e5%b1%95\/#primaryimage","url":"http:\/\/www.mary-chaplin.com\/artiste-peintre\/wp-content\/uploads\/2015\/11\/IMGP6799okw-300x214.jpg","contentUrl":"http:\/\/www.mary-chaplin.com\/artiste-peintre\/wp-content\/uploads\/2015\/11\/IMGP6799okw-300x214.jpg"},{"@type":"BreadcrumbList","@id":"https:\/\/www.mary-chaplin.com\/artiste-peintre\/%e7%94%bb%e5%ae%b6%e7%8e%9b%e4%b8%bd%e5%8d%93%e5%88%ab%e6%9e%97%e4%bd%9c%e5%93%81%e5%b1%95\/#breadcrumb","itemListElement":[{"@type":"ListItem","position":1,"name":"Accueil","item":"https:\/\/www.mary-chaplin.com\/artiste-peintre\/"},{"@type":"ListItem","position":2,"name":"\u753b\u5bb6\u739b\u4e3d\u5353\u522b\u6797\u4f5c\u54c1\u5c55"}]},{"@type":"WebSite","@id":"https:\/\/www.mary-chaplin.com\/artiste-peintre\/#website","url":"https:\/\/www.mary-chaplin.com\/artiste-peintre\/","name":"Mary Chaplin Artiste peintre","description":"Artiste peintre Wailly Conty, Impressionnisme abstrait contemporain Hauts de France","publisher":{"@id":"https:\/\/www.mary-chaplin.com\/artiste-peintre\/#organization"},"potentialAction":[{"@type":"SearchAction","target":{"@type":"EntryPoint","urlTemplate":"https:\/\/www.mary-chaplin.com\/artiste-peintre\/?s={search_term_string}"},"query-input":{"@type":"PropertyValueSpecification","valueRequired":true,"valueName":"search_term_string"}}],"inLanguage":"fr-FR"},{"@type":"Organization","@id":"https:\/\/www.mary-chaplin.com\/artiste-peintre\/#organization","name":"Mary Chaplin Artiste peintre","url":"https:\/\/www.mary-chaplin.com\/artiste-peintre\/","logo":{"@type":"ImageObject","inLanguage":"fr-FR","@id":"https:\/\/www.mary-chaplin.com\/artiste-peintre\/#\/schema\/logo\/image\/","url":"https:\/\/www.mary-chaplin.com\/artiste-peintre\/wp-content\/uploads\/2022\/09\/cropped-logo-mc.png","contentUrl":"https:\/\/www.mary-chaplin.com\/artiste-peintre\/wp-content\/uploads\/2022\/09\/cropped-logo-mc.png","width":848,"height":137,"caption":"Mary Chaplin Artiste peintre"},"image":{"@id":"https:\/\/www.mary-chaplin.com\/artiste-peintre\/#\/schema\/logo\/image\/"}}]}},"_links":{"self":[{"href":"https:\/\/www.mary-chaplin.com\/artiste-peintre\/wp-json\/wp\/v2\/pages\/385","targetHints":{"allow":["GET"]}}],"collection":[{"href":"https:\/\/www.mary-chaplin.com\/artiste-peintre\/wp-json\/wp\/v2\/pages"}],"about":[{"href":"https:\/\/www.mary-chaplin.com\/artiste-peintre\/wp-json\/wp\/v2\/types\/page"}],"author":[{"embeddable":true,"href":"https:\/\/www.mary-chaplin.com\/artiste-peintre\/wp-json\/wp\/v2\/users\/1"}],"replies":[{"embeddable":true,"href":"https:\/\/www.mary-chaplin.com\/artiste-peintre\/wp-json\/wp\/v2\/comments?post=385"}],"version-history":[{"count":5,"href":"https:\/\/www.mary-chaplin.com\/artiste-peintre\/wp-json\/wp\/v2\/pages\/385\/revisions"}],"predecessor-version":[{"id":401,"href":"https:\/\/www.mary-chaplin.com\/artiste-peintre\/wp-json\/wp\/v2\/pages\/385\/revisions\/401"}],"wp:attachment":[{"href":"https:\/\/www.mary-chaplin.com\/artiste-peintre\/wp-json\/wp\/v2\/media?parent=385"}],"curies":[{"name":"wp","href":"https:\/\/api.w.org\/{rel}","templated":true}]}}