{"id":13,"date":"2014-12-05T12:56:06","date_gmt":"2014-12-05T11:56:06","guid":{"rendered":"http:\/\/www.mary-chaplin.com\/artiste-peintre\/?page_id=13"},"modified":"2024-03-22T17:27:09","modified_gmt":"2024-03-22T16:27:09","slug":"baie-de-somme-aristes-de-normandie","status":"publish","type":"page","link":"https:\/\/www.mary-chaplin.com\/artiste-peintre\/baie-de-somme-aristes-de-normandie\/","title":{"rendered":"Partenaires et coll\u00e8gues :"},"content":{"rendered":"<p>Cette page regroupe ceux et celles qui de pr\u00eat ou de loin font la promotion de mon travail de peintre ou m&rsquo;aident autour de celui-ci.<\/p>\n<h1>Des r\u00e9f\u00e9rences en France :<\/h1>\n<p><a href=\"https:\/\/www.visiterlabaiedesomme.com\/\" target=\"_blank\" rel=\"noopener noreferrer\">Site d&rsquo;Arnaud Delattre, guide Nature en Baie de Somme et Baie d&rsquo;Authie.<br \/>\n<\/a>Arnaud Delattre est passionn\u00e9 par la Baie de Somme et c&rsquo;est lui qui m&rsquo;accompagne, me guide. Quand l&rsquo;envie me prend d&rsquo;aller faire un tour en Baie pour trouver l&rsquo;inspiration ou simplement me connecter avec la nature sauvage. Arnaud conna\u00eet les lieux comme sa poche, la faune, la flore, son expertise est riche. Je vous conseille de le contacter si l&rsquo;envie vous prend d&rsquo;aller faire une ballade au bord de mer dans les <strong>Hauts de France<\/strong> ! <a href=\"https:\/\/www.visiterlabaiedesomme.com\/lart-en-baie-de-somme-artiste\/\" target=\"_blank\" rel=\"noopener\">VISITEZ LA BAIE DE SOMME<\/a><\/p>\n<p><a href=\"https:\/\/www.lerelaisdesdalles.fr\/\" target=\"_blank\" rel=\"noopener\">Le Relais des Dalles<\/a>, restaurant situ\u00e9 \u00e0 Sassetot le Mauconduit, pr\u00e8s des plages des Grandes et Petites Dalles o\u00f9 il m&rsquo;arrive d&rsquo;exposer quelques toiles. Bonne cuisine, accueil chaleureux.<\/p>\n<div class=\"entrytext\">\n<p><a class=\"category\" href=\"http:\/\/www.art-en-nord.fr\">Art en Nord <\/a>:<br \/>\nUn site \u00e9nergique, pour d\u00e9couvrir \u00ab l\u2019esprit artistique \u00bb de la r\u00e9gion Nord pas de Calais Picardie. Vous pouvez y d\u00e9couvrir ma galerie personnelle en cliquant directement sur : <a href=\"https:\/\/www.art-en-nord.fr\/artistes-hauts-de-france\/mary-chaplin-3\/\" target=\"_blank\" rel=\"noopener\">ma galerie Art en Nord.<\/a> L&rsquo;inscription est gratuite pour les Artistes r\u00e9gionaux pro et amateurs. \u00c9galement, la diffusion et la visibilit\u00e9 est l&rsquo;atout majeur de ce site cr\u00e9\u00e9 en 2009.<\/p>\n<\/div>\n<div class=\"entrytext\">\n<p><a href=\"https:\/\/www.lepasseurdart.com\/\" target=\"_blank\" rel=\"noopener noreferrer\"><span class=\"category\">Galerie\u00a0\u00bbLe Passeur d\u2019Art\u00a0\u00bb\u00a0<\/span><\/a>:<br \/>\n<span class=\"description\">Christian Servant, \u00e9tait un &lsquo;Grand Passeur d&rsquo;Art&rsquo; avec qui j&rsquo;ai travaill\u00e9 pendant plusieurs ann\u00e9es apr\u00e8s l&rsquo;avoir rencontr\u00e9 \u00e0 Libourne en 2008. Christian Servant a quitt\u00e9 ce monde le 1er juin 2023&#8230;<\/span><\/p>\n<p><a class=\"category\" href=\"http:\/\/www.abstractartistgallery.org\/mary-chaplin\/\" target=\"_blank\" rel=\"noopener\">Abstractartgallery\u00a0<\/a>:<br \/>\nUne<span class=\"description\"> galerie virtuelle consacr\u00e9e \u00e0 l\u2019art abstrait : Abstract art gallery ! Un site de grande qualit\u00e9 et de fond\u2026<\/span><\/p>\n<p><a class=\"category\" href=\"http:\/\/smashing-purple.over-blog.com\/\" target=\"_blank\" rel=\"noopener\">Le site de Josephine, speudo : JO\u00a0<\/a>.<br \/>\n<span class=\"description\">Par ce blog vous allez d\u00e9couvrir les coups de c\u0153ur de Jos\u00e9phine. Mais aussi sa passion pour l\u2019art photographique, la litt\u00e9rature et la musique. Josephine est ma seconde fille : Je vous souhaite une bonne visite dans son univers\u2026<\/span><\/p>\n<p>&nbsp;<\/p>\n<h2>Un lieu charni\u00e8re dans mon travail : La chapelle St Edith<\/h2>\n<p><a class=\"category\" href=\"http:\/\/edithboisdecise.populus.ch\/\" target=\"_blank\" rel=\"noopener\">Chapelle St Edith au Bois de Cise (80) . <\/a><br \/>\n<span class=\"description\">Alors, peintre figuratif en 2005, c\u2019est par un hasard que je d\u00e9couvre ce lieu qui \u00e9tait en ce jour d\u2019ao\u00fbt baign\u00e9 de lumi\u00e8re. Par cette rencontre avec l\u2019ineffable, ma d\u00e9marche d\u2019artiste fut boulevers\u00e9e. Mon seul but depuis \u00e9tant de peindre cette lumi\u00e8re et l\u2019empreinte des lieux qui m\u2019inspirent\u2026 Dans des r\u00e9flexions. Si j\u2019ai pu entrer dans ce lieu c\u2019est que la porte \u00e9tait ouverte et ce gr\u00e2ce \u00e0 <strong>l\u2019action des b\u00e9n\u00e9voles\u2026 <\/strong><\/span><\/p>\n<h3>Des galeries partenaires, online et in situ en Angleterre et Allemagne :<\/h3>\n<p><a href=\"https:\/\/www.singulart.com\/fr\/artiste\/mary-chaplin-33404\" target=\"_blank\" rel=\"noopener\">Singulart Galerie d&rsquo;art en ligne<\/a> qui diffuse mon travail abstrait partout dans le monde<\/p>\n<p><a href=\"https:\/\/www.kunstkauf24.de\/\" target=\"_blank\" rel=\"noopener\">Galerie Kunsthaus SCHILL \u00e0 Stuggart<\/a> qui diffuse mon travail en Allemagne<\/p>\n<p><a href=\"https:\/\/www.healing-power-of-art.org\/mary-chaplin\/\" target=\"_blank\" rel=\"noopener noreferrer\">The Healing Power of Art and Artists<\/a> :<br \/>\nLe Healing Power of Art and Artists (Le pouvoir de gu\u00e9rison de ART &amp; ARTISTS (HPAA)) est une communaut\u00e9 d&rsquo;artistes, d&rsquo;\u00e9crivains et de d\u00e9fenseurs. Nous croyons que l&rsquo;art est un puissant catalyseur de changement positif dans le monde. HPAA a \u00e9t\u00e9 fond\u00e9e par Ren\u00e9e Phillips, d\u00e9fenseur des artistes et mentor, ainsi que fondatrice, directrice et conservatrice de <a href=\"https:\/\/manhattanarts.com\/\" target=\"_blank\" rel=\"noopener noreferrer\">Manhattan Arts International<\/a>. Mon travail est repr\u00e9sent\u00e9 sur le site HPAA.<\/p>\n<p><a href=\"https:\/\/signetcontemporaryart.com\/artist\/mary-chaplin\/\" target=\"_blank\" rel=\"noopener noreferrer\">Signet Contemporary Art Gallery\u00a0<\/a> :<br \/>\nSigne et James Giles directeurs de Signet Contemporary Art Gallery\u00a0<span class=\"LrzXr\">The Royal Borough of Chelsea &amp; Kensington, 378 King&rsquo;s Rd, Chelsea, London. Ils<\/span> diffusent mon travail en Angleterre et au travers des foires d&rsquo;art \u00e0 l&rsquo;\u00e9tranger. Une galerie situ\u00e9e au coeur de Chelsea, vous y recevrez un accueil tr\u00e8s chaleureux et un conseil tr\u00e8s professionnel.<\/p>\n<p><a class=\"category\" href=\"https:\/\/www.wychwoodart.com\/collections\/vendors?q=Mary%20Chaplin\" target=\"_blank\" rel=\"noopener noreferrer\">Wychwood Art Gallery\u00a0<\/a>:<br \/>\n<span class=\"description\">Deborah Allan est la propri\u00e9taire de la galerie Wychwood situ\u00e9e \u00e0 Deddington dans l&rsquo;Oxfordshire. Avant de devenir directrice de Wychwood Art elle a travaill\u00e9 chez Christie\u2019s pendant onze ans comme directrice de l&rsquo;Impressionisme. La galerie Wychwood Art diffuse mon travail dans le monde entier.<\/span><\/p>\n<h4>Merci enfin \u00e0 mon ami Pierre Demay qui a compos\u00e9 quelques musiques pour mes vid\u00e9os\u2026<\/h4>\n<\/div>\n","protected":false},"excerpt":{"rendered":"<p>Cette page regroupe ceux et celles qui de pr\u00eat ou de loin font la promotion de mon travail de peintre ou m&rsquo;aident autour de celui-ci. Des r\u00e9f\u00e9rences en France : Site d&rsquo;Arnaud Delattre, guide Nature en Baie de Somme et Baie d&rsquo;Authie. Arnaud Delattre est passionn\u00e9 par la Baie de Somme et c&rsquo;est lui qui [&hellip;]<\/p>\n","protected":false},"author":1,"featured_media":0,"parent":0,"menu_order":0,"comment_status":"closed","ping_status":"closed","template":"page-full-width.php","meta":{"footnotes":""},"class_list":["post-13","page","type-page","status-publish","hentry"],"yoast_head":"<!-- This site is optimized with the Yoast SEO plugin v27.4 - https:\/\/yoast.com\/product\/yoast-seo-wordpress\/ -->\n<title>Normandie, baie de somme : entre ciel, mer et terre<\/title>\n<meta name=\"description\" content=\"Retrouvez ici quelques acteurs artistiques et galeries qui m&#039;accompagnent dans mon m\u00e9tier d&#039;artiste dans la r\u00e9gion Normande.\" \/>\n<meta name=\"robots\" content=\"index, follow, max-snippet:-1, max-image-preview:large, max-video-preview:-1\" \/>\n<link rel=\"canonical\" href=\"https:\/\/www.mary-chaplin.com\/artiste-peintre\/baie-de-somme-aristes-de-normandie\/\" \/>\n<meta property=\"og:locale\" content=\"fr_FR\" \/>\n<meta property=\"og:type\" content=\"article\" \/>\n<meta property=\"og:title\" content=\"Normandie, baie de somme : entre ciel, mer et terre\" \/>\n<meta property=\"og:description\" content=\"Retrouvez ici quelques acteurs artistiques et galeries qui m&#039;accompagnent dans mon m\u00e9tier d&#039;artiste dans la r\u00e9gion Normande.\" \/>\n<meta property=\"og:url\" content=\"https:\/\/www.mary-chaplin.com\/artiste-peintre\/baie-de-somme-aristes-de-normandie\/\" \/>\n<meta property=\"og:site_name\" content=\"Mary Chaplin Artiste peintre\" \/>\n<meta property=\"article:modified_time\" content=\"2024-03-22T16:27:09+00:00\" \/>\n<meta name=\"twitter:card\" content=\"summary_large_image\" \/>\n<script type=\"application\/ld+json\" class=\"yoast-schema-graph\">{\"@context\":\"https:\\\/\\\/schema.org\",\"@graph\":[{\"@type\":\"WebPage\",\"@id\":\"https:\\\/\\\/www.mary-chaplin.com\\\/artiste-peintre\\\/baie-de-somme-aristes-de-normandie\\\/\",\"url\":\"https:\\\/\\\/www.mary-chaplin.com\\\/artiste-peintre\\\/baie-de-somme-aristes-de-normandie\\\/\",\"name\":\"Normandie, baie de somme : entre ciel, mer et terre\",\"isPartOf\":{\"@id\":\"https:\\\/\\\/www.mary-chaplin.com\\\/artiste-peintre\\\/#website\"},\"datePublished\":\"2014-12-05T11:56:06+00:00\",\"dateModified\":\"2024-03-22T16:27:09+00:00\",\"description\":\"Retrouvez ici quelques acteurs artistiques et galeries qui m'accompagnent dans mon m\u00e9tier d'artiste dans la r\u00e9gion Normande.\",\"breadcrumb\":{\"@id\":\"https:\\\/\\\/www.mary-chaplin.com\\\/artiste-peintre\\\/baie-de-somme-aristes-de-normandie\\\/#breadcrumb\"},\"inLanguage\":\"fr-FR\",\"potentialAction\":[{\"@type\":\"ReadAction\",\"target\":[\"https:\\\/\\\/www.mary-chaplin.com\\\/artiste-peintre\\\/baie-de-somme-aristes-de-normandie\\\/\"]}]},{\"@type\":\"BreadcrumbList\",\"@id\":\"https:\\\/\\\/www.mary-chaplin.com\\\/artiste-peintre\\\/baie-de-somme-aristes-de-normandie\\\/#breadcrumb\",\"itemListElement\":[{\"@type\":\"ListItem\",\"position\":1,\"name\":\"Accueil\",\"item\":\"https:\\\/\\\/www.mary-chaplin.com\\\/artiste-peintre\\\/\"},{\"@type\":\"ListItem\",\"position\":2,\"name\":\"Partenaires et coll\u00e8gues :\"}]},{\"@type\":\"WebSite\",\"@id\":\"https:\\\/\\\/www.mary-chaplin.com\\\/artiste-peintre\\\/#website\",\"url\":\"https:\\\/\\\/www.mary-chaplin.com\\\/artiste-peintre\\\/\",\"name\":\"Mary Chaplin Artiste peintre\",\"description\":\"Artiste peintre Wailly Conty, Impressionnisme abstrait contemporain Hauts de France\",\"publisher\":{\"@id\":\"https:\\\/\\\/www.mary-chaplin.com\\\/artiste-peintre\\\/#organization\"},\"potentialAction\":[{\"@type\":\"SearchAction\",\"target\":{\"@type\":\"EntryPoint\",\"urlTemplate\":\"https:\\\/\\\/www.mary-chaplin.com\\\/artiste-peintre\\\/?s={search_term_string}\"},\"query-input\":{\"@type\":\"PropertyValueSpecification\",\"valueRequired\":true,\"valueName\":\"search_term_string\"}}],\"inLanguage\":\"fr-FR\"},{\"@type\":\"Organization\",\"@id\":\"https:\\\/\\\/www.mary-chaplin.com\\\/artiste-peintre\\\/#organization\",\"name\":\"Mary Chaplin Artiste peintre\",\"url\":\"https:\\\/\\\/www.mary-chaplin.com\\\/artiste-peintre\\\/\",\"logo\":{\"@type\":\"ImageObject\",\"inLanguage\":\"fr-FR\",\"@id\":\"https:\\\/\\\/www.mary-chaplin.com\\\/artiste-peintre\\\/#\\\/schema\\\/logo\\\/image\\\/\",\"url\":\"https:\\\/\\\/www.mary-chaplin.com\\\/artiste-peintre\\\/wp-content\\\/uploads\\\/2022\\\/09\\\/cropped-logo-mc.png\",\"contentUrl\":\"https:\\\/\\\/www.mary-chaplin.com\\\/artiste-peintre\\\/wp-content\\\/uploads\\\/2022\\\/09\\\/cropped-logo-mc.png\",\"width\":848,\"height\":137,\"caption\":\"Mary Chaplin Artiste peintre\"},\"image\":{\"@id\":\"https:\\\/\\\/www.mary-chaplin.com\\\/artiste-peintre\\\/#\\\/schema\\\/logo\\\/image\\\/\"}}]}<\/script>\n<!-- \/ Yoast SEO plugin. -->","yoast_head_json":{"title":"Normandie, baie de somme : entre ciel, mer et terre","description":"Retrouvez ici quelques acteurs artistiques et galeries qui m'accompagnent dans mon m\u00e9tier d'artiste dans la r\u00e9gion Normande.","robots":{"index":"index","follow":"follow","max-snippet":"max-snippet:-1","max-image-preview":"max-image-preview:large","max-video-preview":"max-video-preview:-1"},"canonical":"https:\/\/www.mary-chaplin.com\/artiste-peintre\/baie-de-somme-aristes-de-normandie\/","og_locale":"fr_FR","og_type":"article","og_title":"Normandie, baie de somme : entre ciel, mer et terre","og_description":"Retrouvez ici quelques acteurs artistiques et galeries qui m'accompagnent dans mon m\u00e9tier d'artiste dans la r\u00e9gion Normande.","og_url":"https:\/\/www.mary-chaplin.com\/artiste-peintre\/baie-de-somme-aristes-de-normandie\/","og_site_name":"Mary Chaplin Artiste peintre","article_modified_time":"2024-03-22T16:27:09+00:00","twitter_card":"summary_large_image","schema":{"@context":"https:\/\/schema.org","@graph":[{"@type":"WebPage","@id":"https:\/\/www.mary-chaplin.com\/artiste-peintre\/baie-de-somme-aristes-de-normandie\/","url":"https:\/\/www.mary-chaplin.com\/artiste-peintre\/baie-de-somme-aristes-de-normandie\/","name":"Normandie, baie de somme : entre ciel, mer et terre","isPartOf":{"@id":"https:\/\/www.mary-chaplin.com\/artiste-peintre\/#website"},"datePublished":"2014-12-05T11:56:06+00:00","dateModified":"2024-03-22T16:27:09+00:00","description":"Retrouvez ici quelques acteurs artistiques et galeries qui m'accompagnent dans mon m\u00e9tier d'artiste dans la r\u00e9gion Normande.","breadcrumb":{"@id":"https:\/\/www.mary-chaplin.com\/artiste-peintre\/baie-de-somme-aristes-de-normandie\/#breadcrumb"},"inLanguage":"fr-FR","potentialAction":[{"@type":"ReadAction","target":["https:\/\/www.mary-chaplin.com\/artiste-peintre\/baie-de-somme-aristes-de-normandie\/"]}]},{"@type":"BreadcrumbList","@id":"https:\/\/www.mary-chaplin.com\/artiste-peintre\/baie-de-somme-aristes-de-normandie\/#breadcrumb","itemListElement":[{"@type":"ListItem","position":1,"name":"Accueil","item":"https:\/\/www.mary-chaplin.com\/artiste-peintre\/"},{"@type":"ListItem","position":2,"name":"Partenaires et coll\u00e8gues :"}]},{"@type":"WebSite","@id":"https:\/\/www.mary-chaplin.com\/artiste-peintre\/#website","url":"https:\/\/www.mary-chaplin.com\/artiste-peintre\/","name":"Mary Chaplin Artiste peintre","description":"Artiste peintre Wailly Conty, Impressionnisme abstrait contemporain Hauts de France","publisher":{"@id":"https:\/\/www.mary-chaplin.com\/artiste-peintre\/#organization"},"potentialAction":[{"@type":"SearchAction","target":{"@type":"EntryPoint","urlTemplate":"https:\/\/www.mary-chaplin.com\/artiste-peintre\/?s={search_term_string}"},"query-input":{"@type":"PropertyValueSpecification","valueRequired":true,"valueName":"search_term_string"}}],"inLanguage":"fr-FR"},{"@type":"Organization","@id":"https:\/\/www.mary-chaplin.com\/artiste-peintre\/#organization","name":"Mary Chaplin Artiste peintre","url":"https:\/\/www.mary-chaplin.com\/artiste-peintre\/","logo":{"@type":"ImageObject","inLanguage":"fr-FR","@id":"https:\/\/www.mary-chaplin.com\/artiste-peintre\/#\/schema\/logo\/image\/","url":"https:\/\/www.mary-chaplin.com\/artiste-peintre\/wp-content\/uploads\/2022\/09\/cropped-logo-mc.png","contentUrl":"https:\/\/www.mary-chaplin.com\/artiste-peintre\/wp-content\/uploads\/2022\/09\/cropped-logo-mc.png","width":848,"height":137,"caption":"Mary Chaplin Artiste peintre"},"image":{"@id":"https:\/\/www.mary-chaplin.com\/artiste-peintre\/#\/schema\/logo\/image\/"}}]}},"_links":{"self":[{"href":"https:\/\/www.mary-chaplin.com\/artiste-peintre\/wp-json\/wp\/v2\/pages\/13","targetHints":{"allow":["GET"]}}],"collection":[{"href":"https:\/\/www.mary-chaplin.com\/artiste-peintre\/wp-json\/wp\/v2\/pages"}],"about":[{"href":"https:\/\/www.mary-chaplin.com\/artiste-peintre\/wp-json\/wp\/v2\/types\/page"}],"author":[{"embeddable":true,"href":"https:\/\/www.mary-chaplin.com\/artiste-peintre\/wp-json\/wp\/v2\/users\/1"}],"replies":[{"embeddable":true,"href":"https:\/\/www.mary-chaplin.com\/artiste-peintre\/wp-json\/wp\/v2\/comments?post=13"}],"version-history":[{"count":33,"href":"https:\/\/www.mary-chaplin.com\/artiste-peintre\/wp-json\/wp\/v2\/pages\/13\/revisions"}],"predecessor-version":[{"id":1933,"href":"https:\/\/www.mary-chaplin.com\/artiste-peintre\/wp-json\/wp\/v2\/pages\/13\/revisions\/1933"}],"wp:attachment":[{"href":"https:\/\/www.mary-chaplin.com\/artiste-peintre\/wp-json\/wp\/v2\/media?parent=13"}],"curies":[{"name":"wp","href":"https:\/\/api.w.org\/{rel}","templated":true}]}}